{"id":935,"date":"2023-02-27T13:33:05","date_gmt":"2023-02-27T12:33:05","guid":{"rendered":"https:\/\/stz.com.hr\/webshop\/?post_type=product&#038;p=935"},"modified":"2023-03-09T15:17:18","modified_gmt":"2023-03-09T14:17:18","slug":"bravica-za-kuciste-dsc-l-1","status":"publish","type":"product","link":"https:\/\/stz.com.hr\/webshop\/proizvod\/bravica-za-kuciste-dsc-l-1\/","title":{"rendered":"BRAVICA ZA KU\u0106I\u0160TE DSC L-1"},"content":{"rendered":"<p>Bravica za ku\u0107i\u0161te<\/p>\n","protected":false},"excerpt":{"rendered":"<p>Bravica za ku\u0107i\u0161te<\/p>\n","protected":false},"featured_media":941,"template":"","meta":[],"product_cat":[23,31],"product_tag":[],"class_list":["post-935","product","type-product","status-publish","has-post-thumbnail","hentry","product_cat-protuprovala","product_cat-pribor-protuprovala"],"_links":{"self":[{"href":"https:\/\/stz.com.hr\/webshop\/wp-json\/wp\/v2\/product\/935","targetHints":{"allow":["GET"]}}],"collection":[{"href":"https:\/\/stz.com.hr\/webshop\/wp-json\/wp\/v2\/product"}],"about":[{"href":"https:\/\/stz.com.hr\/webshop\/wp-json\/wp\/v2\/types\/product"}],"wp:featuredmedia":[{"embeddable":true,"href":"https:\/\/stz.com.hr\/webshop\/wp-json\/wp\/v2\/media\/941"}],"wp:attachment":[{"href":"https:\/\/stz.com.hr\/webshop\/wp-json\/wp\/v2\/media?parent=935"}],"wp:term":[{"taxonomy":"product_cat","embeddable":true,"href":"https:\/\/stz.com.hr\/webshop\/wp-json\/wp\/v2\/product_cat?post=935"},{"taxonomy":"product_tag","embeddable":true,"href":"https:\/\/stz.com.hr\/webshop\/wp-json\/wp\/v2\/product_tag?post=935"}],"curies":[{"name":"wp","href":"https:\/\/api.w.org\/{rel}","templated":true}]}}