{"id":934,"date":"2023-02-27T13:35:11","date_gmt":"2023-02-27T12:35:11","guid":{"rendered":"https:\/\/stz.com.hr\/webshop\/?post_type=product&#038;p=934"},"modified":"2023-03-09T15:17:30","modified_gmt":"2023-03-09T14:17:30","slug":"tamper-prikljucak-za-kuciste-dsc-t-1","status":"publish","type":"product","link":"https:\/\/stz.com.hr\/webshop\/proizvod\/tamper-prikljucak-za-kuciste-dsc-t-1\/","title":{"rendered":"TAMPER PRIKLJU\u010cAK ZA KU\u0106I\u0160TE DSC T-1"},"content":{"rendered":"<p>Tamper prekida\u010d za ku\u0107i\u0161te<\/p>\n","protected":false},"excerpt":{"rendered":"<p>Tamper prekida\u010d za ku\u0107i\u0161te<\/p>\n","protected":false},"featured_media":942,"template":"","meta":[],"product_cat":[23,31],"product_tag":[],"class_list":["post-934","product","type-product","status-publish","has-post-thumbnail","hentry","product_cat-protuprovala","product_cat-pribor-protuprovala"],"_links":{"self":[{"href":"https:\/\/stz.com.hr\/webshop\/wp-json\/wp\/v2\/product\/934","targetHints":{"allow":["GET"]}}],"collection":[{"href":"https:\/\/stz.com.hr\/webshop\/wp-json\/wp\/v2\/product"}],"about":[{"href":"https:\/\/stz.com.hr\/webshop\/wp-json\/wp\/v2\/types\/product"}],"wp:featuredmedia":[{"embeddable":true,"href":"https:\/\/stz.com.hr\/webshop\/wp-json\/wp\/v2\/media\/942"}],"wp:attachment":[{"href":"https:\/\/stz.com.hr\/webshop\/wp-json\/wp\/v2\/media?parent=934"}],"wp:term":[{"taxonomy":"product_cat","embeddable":true,"href":"https:\/\/stz.com.hr\/webshop\/wp-json\/wp\/v2\/product_cat?post=934"},{"taxonomy":"product_tag","embeddable":true,"href":"https:\/\/stz.com.hr\/webshop\/wp-json\/wp\/v2\/product_tag?post=934"}],"curies":[{"name":"wp","href":"https:\/\/api.w.org\/{rel}","templated":true}]}}