{"id":933,"date":"2023-02-27T13:37:24","date_gmt":"2023-02-27T12:37:24","guid":{"rendered":"https:\/\/stz.com.hr\/webshop\/?post_type=product&#038;p=933"},"modified":"2023-03-09T15:17:44","modified_gmt":"2023-03-09T14:17:44","slug":"kuciste-za-protuprovalnu-centralu-dsc-pc5003c-h","status":"publish","type":"product","link":"https:\/\/stz.com.hr\/webshop\/proizvod\/kuciste-za-protuprovalnu-centralu-dsc-pc5003c-h\/","title":{"rendered":"KU\u0106I\u0160TE ZA PROTUPROVALNU CENTRALU DSC PC5003C H"},"content":{"rendered":"<p>Ku\u0107i\u0161te za alarmnu centralu, v-284x297x77mm, u- 279x292x75<\/p>\n","protected":false},"excerpt":{"rendered":"<p>Ku\u0107i\u0161te za alarmnu centralu DSC<\/p>\n","protected":false},"featured_media":943,"template":"","meta":[],"product_cat":[23,31],"product_tag":[],"class_list":["post-933","product","type-product","status-publish","has-post-thumbnail","hentry","product_cat-protuprovala","product_cat-pribor-protuprovala"],"_links":{"self":[{"href":"https:\/\/stz.com.hr\/webshop\/wp-json\/wp\/v2\/product\/933","targetHints":{"allow":["GET"]}}],"collection":[{"href":"https:\/\/stz.com.hr\/webshop\/wp-json\/wp\/v2\/product"}],"about":[{"href":"https:\/\/stz.com.hr\/webshop\/wp-json\/wp\/v2\/types\/product"}],"wp:featuredmedia":[{"embeddable":true,"href":"https:\/\/stz.com.hr\/webshop\/wp-json\/wp\/v2\/media\/943"}],"wp:attachment":[{"href":"https:\/\/stz.com.hr\/webshop\/wp-json\/wp\/v2\/media?parent=933"}],"wp:term":[{"taxonomy":"product_cat","embeddable":true,"href":"https:\/\/stz.com.hr\/webshop\/wp-json\/wp\/v2\/product_cat?post=933"},{"taxonomy":"product_tag","embeddable":true,"href":"https:\/\/stz.com.hr\/webshop\/wp-json\/wp\/v2\/product_tag?post=933"}],"curies":[{"name":"wp","href":"https:\/\/api.w.org\/{rel}","templated":true}]}}