{"id":899,"date":"2023-02-27T09:54:24","date_gmt":"2023-02-27T08:54:24","guid":{"rendered":"https:\/\/stz.com.hr\/webshop\/?post_type=product&#038;p=899"},"modified":"2023-03-10T10:45:17","modified_gmt":"2023-03-10T09:45:17","slug":"bezicni-vanjski-curtain-pir-detektor-dsc-pg8902","status":"publish","type":"product","link":"https:\/\/stz.com.hr\/webshop\/proizvod\/bezicni-vanjski-curtain-pir-detektor-dsc-pg8902\/","title":{"rendered":"BE\u017dI\u010cNI VANJSKI CURTAIN PIR DETEKTOR DSC PG8902"},"content":{"rendered":"<p>PowerG 868MHz be\u017ei\u010dni vanjski Curtain PIR Detector do 8m, neosjetljiv na ku\u0107ne ljubimce do 38kg, IP55<\/p>\n","protected":false},"excerpt":{"rendered":"<p>Be\u017ei\u010dni vanjski Curtain PIR Detector<\/p>\n","protected":false},"featured_media":1064,"template":"","meta":[],"product_cat":[23,26],"product_tag":[],"class_list":["post-899","product","type-product","status-publish","has-post-thumbnail","hentry","product_cat-protuprovala","product_cat-detektori-pokreta"],"_links":{"self":[{"href":"https:\/\/stz.com.hr\/webshop\/wp-json\/wp\/v2\/product\/899","targetHints":{"allow":["GET"]}}],"collection":[{"href":"https:\/\/stz.com.hr\/webshop\/wp-json\/wp\/v2\/product"}],"about":[{"href":"https:\/\/stz.com.hr\/webshop\/wp-json\/wp\/v2\/types\/product"}],"wp:featuredmedia":[{"embeddable":true,"href":"https:\/\/stz.com.hr\/webshop\/wp-json\/wp\/v2\/media\/1064"}],"wp:attachment":[{"href":"https:\/\/stz.com.hr\/webshop\/wp-json\/wp\/v2\/media?parent=899"}],"wp:term":[{"taxonomy":"product_cat","embeddable":true,"href":"https:\/\/stz.com.hr\/webshop\/wp-json\/wp\/v2\/product_cat?post=899"},{"taxonomy":"product_tag","embeddable":true,"href":"https:\/\/stz.com.hr\/webshop\/wp-json\/wp\/v2\/product_tag?post=899"}],"curies":[{"name":"wp","href":"https:\/\/api.w.org\/{rel}","templated":true}]}}