{"id":898,"date":"2023-02-27T09:48:26","date_gmt":"2023-02-27T08:48:26","guid":{"rendered":"https:\/\/stz.com.hr\/webshop\/?post_type=product&#038;p=898"},"modified":"2023-07-07T11:44:55","modified_gmt":"2023-07-07T09:44:55","slug":"bezicni-stropni-detektor-pokreta-dsc-pg8872","status":"publish","type":"product","link":"https:\/\/stz.com.hr\/webshop\/proizvod\/bezicni-stropni-detektor-pokreta-dsc-pg8872\/","title":{"rendered":"BE\u017dI\u010cNI STROPNI DETEKTOR POKRETA DSC PG8872"},"content":{"rendered":"<p>PowerG 868MHz be\u017ei\u010dni stropni detektor pokreta, 360\u00b0 pokrivanje do \u00d820m<\/p>\n","protected":false},"excerpt":{"rendered":"<p>Be\u017ei\u010dni stropni detektor pokreta, 360\u00b0 pokrivanje do \u00d820m<\/p>\n","protected":false},"featured_media":1065,"template":"","meta":[],"product_cat":[23,26],"product_tag":[],"class_list":["post-898","product","type-product","status-publish","has-post-thumbnail","hentry","product_cat-protuprovala","product_cat-detektori-pokreta"],"_links":{"self":[{"href":"https:\/\/stz.com.hr\/webshop\/wp-json\/wp\/v2\/product\/898","targetHints":{"allow":["GET"]}}],"collection":[{"href":"https:\/\/stz.com.hr\/webshop\/wp-json\/wp\/v2\/product"}],"about":[{"href":"https:\/\/stz.com.hr\/webshop\/wp-json\/wp\/v2\/types\/product"}],"wp:featuredmedia":[{"embeddable":true,"href":"https:\/\/stz.com.hr\/webshop\/wp-json\/wp\/v2\/media\/1065"}],"wp:attachment":[{"href":"https:\/\/stz.com.hr\/webshop\/wp-json\/wp\/v2\/media?parent=898"}],"wp:term":[{"taxonomy":"product_cat","embeddable":true,"href":"https:\/\/stz.com.hr\/webshop\/wp-json\/wp\/v2\/product_cat?post=898"},{"taxonomy":"product_tag","embeddable":true,"href":"https:\/\/stz.com.hr\/webshop\/wp-json\/wp\/v2\/product_tag?post=898"}],"curies":[{"name":"wp","href":"https:\/\/api.w.org\/{rel}","templated":true}]}}