{"id":896,"date":"2023-02-27T09:40:00","date_gmt":"2023-02-27T08:40:00","guid":{"rendered":"https:\/\/stz.com.hr\/webshop\/?post_type=product&#038;p=896"},"modified":"2023-03-10T10:44:52","modified_gmt":"2023-03-10T09:44:52","slug":"bezicni-detektor-dima-dsc-pg8936","status":"publish","type":"product","link":"https:\/\/stz.com.hr\/webshop\/proizvod\/bezicni-detektor-dima-dsc-pg8936\/","title":{"rendered":"BE\u017dI\u010cNI DETEKTOR DIMA DSC PG8936"},"content":{"rendered":"<p>PowerG 868MHz be\u017ei\u010dni opti\u010dko-termi\u010dki 57\u00b0C detektor dima, audio i vizualni alarm<\/p>\n","protected":false},"excerpt":{"rendered":"<p>Bbe\u017ei\u010dni opti\u010dko-termi\u010dki 57\u00b0C detektor dima, audio i vizualni alarm<\/p>\n","protected":false},"featured_media":1389,"template":"","meta":[],"product_cat":[23,26],"product_tag":[],"class_list":["post-896","product","type-product","status-publish","has-post-thumbnail","hentry","product_cat-protuprovala","product_cat-detektori-pokreta"],"_links":{"self":[{"href":"https:\/\/stz.com.hr\/webshop\/wp-json\/wp\/v2\/product\/896","targetHints":{"allow":["GET"]}}],"collection":[{"href":"https:\/\/stz.com.hr\/webshop\/wp-json\/wp\/v2\/product"}],"about":[{"href":"https:\/\/stz.com.hr\/webshop\/wp-json\/wp\/v2\/types\/product"}],"wp:featuredmedia":[{"embeddable":true,"href":"https:\/\/stz.com.hr\/webshop\/wp-json\/wp\/v2\/media\/1389"}],"wp:attachment":[{"href":"https:\/\/stz.com.hr\/webshop\/wp-json\/wp\/v2\/media?parent=896"}],"wp:term":[{"taxonomy":"product_cat","embeddable":true,"href":"https:\/\/stz.com.hr\/webshop\/wp-json\/wp\/v2\/product_cat?post=896"},{"taxonomy":"product_tag","embeddable":true,"href":"https:\/\/stz.com.hr\/webshop\/wp-json\/wp\/v2\/product_tag?post=896"}],"curies":[{"name":"wp","href":"https:\/\/api.w.org\/{rel}","templated":true}]}}