{"id":895,"date":"2023-02-27T09:37:05","date_gmt":"2023-02-27T08:37:05","guid":{"rendered":"https:\/\/stz.com.hr\/webshop\/?post_type=product&#038;p=895"},"modified":"2023-03-10T10:44:45","modified_gmt":"2023-03-10T09:44:45","slug":"bezicni-detektor-temperature-dsc-pg8905","status":"publish","type":"product","link":"https:\/\/stz.com.hr\/webshop\/proizvod\/bezicni-detektor-temperature-dsc-pg8905\/","title":{"rendered":"BE\u017dI\u010cNI DETEKTOR TEMPERATURE DSC PG8905"},"content":{"rendered":"<p>PowerG 868MHz be\u017ei\u010dni detektor temperature<\/p>\n","protected":false},"excerpt":{"rendered":"<p>Be\u017ei\u010dni detektor temperature<\/p>\n","protected":false},"featured_media":1388,"template":"","meta":[],"product_cat":[23,26],"product_tag":[],"class_list":["post-895","product","type-product","status-publish","has-post-thumbnail","hentry","product_cat-protuprovala","product_cat-detektori-pokreta"],"_links":{"self":[{"href":"https:\/\/stz.com.hr\/webshop\/wp-json\/wp\/v2\/product\/895","targetHints":{"allow":["GET"]}}],"collection":[{"href":"https:\/\/stz.com.hr\/webshop\/wp-json\/wp\/v2\/product"}],"about":[{"href":"https:\/\/stz.com.hr\/webshop\/wp-json\/wp\/v2\/types\/product"}],"wp:featuredmedia":[{"embeddable":true,"href":"https:\/\/stz.com.hr\/webshop\/wp-json\/wp\/v2\/media\/1388"}],"wp:attachment":[{"href":"https:\/\/stz.com.hr\/webshop\/wp-json\/wp\/v2\/media?parent=895"}],"wp:term":[{"taxonomy":"product_cat","embeddable":true,"href":"https:\/\/stz.com.hr\/webshop\/wp-json\/wp\/v2\/product_cat?post=895"},{"taxonomy":"product_tag","embeddable":true,"href":"https:\/\/stz.com.hr\/webshop\/wp-json\/wp\/v2\/product_tag?post=895"}],"curies":[{"name":"wp","href":"https:\/\/api.w.org\/{rel}","templated":true}]}}