{"id":893,"date":"2023-02-27T09:26:47","date_gmt":"2023-02-27T08:26:47","guid":{"rendered":"https:\/\/stz.com.hr\/webshop\/?post_type=product&#038;p=893"},"modified":"2023-03-10T10:43:12","modified_gmt":"2023-03-10T09:43:12","slug":"bezicni-detektor-polave-dsc-pg8985","status":"publish","type":"product","link":"https:\/\/stz.com.hr\/webshop\/proizvod\/bezicni-detektor-polave-dsc-pg8985\/","title":{"rendered":"BE\u017dI\u010cNI DETEKTOR POLAVE DSC PG8985"},"content":{"rendered":"<p>PowerG 868MHz be\u017ei\u010dni detektor poplave, kabel 1,8m<\/p>\n","protected":false},"excerpt":{"rendered":"<p>Be\u017ei\u010dni detektor poplave<\/p>\n","protected":false},"featured_media":1379,"template":"","meta":[],"product_cat":[23,26],"product_tag":[],"class_list":["post-893","product","type-product","status-publish","has-post-thumbnail","hentry","product_cat-protuprovala","product_cat-detektori-pokreta"],"_links":{"self":[{"href":"https:\/\/stz.com.hr\/webshop\/wp-json\/wp\/v2\/product\/893","targetHints":{"allow":["GET"]}}],"collection":[{"href":"https:\/\/stz.com.hr\/webshop\/wp-json\/wp\/v2\/product"}],"about":[{"href":"https:\/\/stz.com.hr\/webshop\/wp-json\/wp\/v2\/types\/product"}],"wp:featuredmedia":[{"embeddable":true,"href":"https:\/\/stz.com.hr\/webshop\/wp-json\/wp\/v2\/media\/1379"}],"wp:attachment":[{"href":"https:\/\/stz.com.hr\/webshop\/wp-json\/wp\/v2\/media?parent=893"}],"wp:term":[{"taxonomy":"product_cat","embeddable":true,"href":"https:\/\/stz.com.hr\/webshop\/wp-json\/wp\/v2\/product_cat?post=893"},{"taxonomy":"product_tag","embeddable":true,"href":"https:\/\/stz.com.hr\/webshop\/wp-json\/wp\/v2\/product_tag?post=893"}],"curies":[{"name":"wp","href":"https:\/\/api.w.org\/{rel}","templated":true}]}}