{"id":892,"date":"2023-02-27T09:21:49","date_gmt":"2023-02-27T08:21:49","guid":{"rendered":"https:\/\/stz.com.hr\/webshop\/?post_type=product&#038;p=892"},"modified":"2023-03-10T10:42:53","modified_gmt":"2023-03-10T09:42:53","slug":"bezicna-vanjska-sirena-dsc-pg8911b","status":"publish","type":"product","link":"https:\/\/stz.com.hr\/webshop\/proizvod\/bezicna-vanjska-sirena-dsc-pg8911b\/","title":{"rendered":"BE\u017dI\u010cNA VANJSKA SIRENA DSC PG8911B"},"content":{"rendered":"<p>PowerG 868MHz be\u017ei\u010dna vanjska sirena 110db s bljeskalicom, IP55, blue<\/p>\n","protected":false},"excerpt":{"rendered":"<p>Be\u017ei\u010dna vanjska sirena 110db s bljeskalicom<\/p>\n","protected":false},"featured_media":1378,"template":"","meta":[],"product_cat":[23,27],"product_tag":[],"class_list":["post-892","product","type-product","status-publish","has-post-thumbnail","hentry","product_cat-protuprovala","product_cat-sirene-i-bljeskalice"],"_links":{"self":[{"href":"https:\/\/stz.com.hr\/webshop\/wp-json\/wp\/v2\/product\/892","targetHints":{"allow":["GET"]}}],"collection":[{"href":"https:\/\/stz.com.hr\/webshop\/wp-json\/wp\/v2\/product"}],"about":[{"href":"https:\/\/stz.com.hr\/webshop\/wp-json\/wp\/v2\/types\/product"}],"wp:featuredmedia":[{"embeddable":true,"href":"https:\/\/stz.com.hr\/webshop\/wp-json\/wp\/v2\/media\/1378"}],"wp:attachment":[{"href":"https:\/\/stz.com.hr\/webshop\/wp-json\/wp\/v2\/media?parent=892"}],"wp:term":[{"taxonomy":"product_cat","embeddable":true,"href":"https:\/\/stz.com.hr\/webshop\/wp-json\/wp\/v2\/product_cat?post=892"},{"taxonomy":"product_tag","embeddable":true,"href":"https:\/\/stz.com.hr\/webshop\/wp-json\/wp\/v2\/product_tag?post=892"}],"curies":[{"name":"wp","href":"https:\/\/api.w.org\/{rel}","templated":true}]}}