{"id":891,"date":"2023-02-27T09:20:07","date_gmt":"2023-02-27T08:20:07","guid":{"rendered":"https:\/\/stz.com.hr\/webshop\/?post_type=product&#038;p=891"},"modified":"2023-08-18T11:13:50","modified_gmt":"2023-08-18T09:13:50","slug":"bezicna-vanjska-sirena-dsc-pg8911a","status":"publish","type":"product","link":"https:\/\/stz.com.hr\/webshop\/proizvod\/bezicna-vanjska-sirena-dsc-pg8911a\/","title":{"rendered":"BE\u017dI\u010cNA VANJSKA SIRENA DSC PG8911A"},"content":{"rendered":"<p>PowerG 868MHz be\u017ei\u010dna vanjska sirena 110db s bljeskalicom, IP55, amber<\/p>\n","protected":false},"excerpt":{"rendered":"<p>Be\u017ei\u010dna vanjska sirena 110db s bljeskalicom<\/p>\n","protected":false},"featured_media":1377,"template":"","meta":[],"product_cat":[23,27],"product_tag":[],"class_list":["post-891","product","type-product","status-publish","has-post-thumbnail","hentry","product_cat-protuprovala","product_cat-sirene-i-bljeskalice"],"_links":{"self":[{"href":"https:\/\/stz.com.hr\/webshop\/wp-json\/wp\/v2\/product\/891","targetHints":{"allow":["GET"]}}],"collection":[{"href":"https:\/\/stz.com.hr\/webshop\/wp-json\/wp\/v2\/product"}],"about":[{"href":"https:\/\/stz.com.hr\/webshop\/wp-json\/wp\/v2\/types\/product"}],"wp:featuredmedia":[{"embeddable":true,"href":"https:\/\/stz.com.hr\/webshop\/wp-json\/wp\/v2\/media\/1377"}],"wp:attachment":[{"href":"https:\/\/stz.com.hr\/webshop\/wp-json\/wp\/v2\/media?parent=891"}],"wp:term":[{"taxonomy":"product_cat","embeddable":true,"href":"https:\/\/stz.com.hr\/webshop\/wp-json\/wp\/v2\/product_cat?post=891"},{"taxonomy":"product_tag","embeddable":true,"href":"https:\/\/stz.com.hr\/webshop\/wp-json\/wp\/v2\/product_tag?post=891"}],"curies":[{"name":"wp","href":"https:\/\/api.w.org\/{rel}","templated":true}]}}