{"id":888,"date":"2023-02-27T09:30:49","date_gmt":"2023-02-27T08:30:49","guid":{"rendered":"https:\/\/stz.com.hr\/webshop\/?post_type=product&#038;p=888"},"modified":"2026-04-17T15:14:24","modified_gmt":"2026-04-17T13:14:24","slug":"bezicni-tanki-upravljac-dsc-pg8929","status":"publish","type":"product","link":"https:\/\/stz.com.hr\/webshop\/proizvod\/bezicni-tanki-upravljac-dsc-pg8929\/","title":{"rendered":"BE\u017dI\u010cNI TANKI UPRAVLJA\u010c DSC PG8929"},"content":{"rendered":"<p>PowerG 868MHz be\u017ei\u010dni tanki upravlja\u010d s 4 funkcijske tipke<\/p>\n","protected":false},"excerpt":{"rendered":"<p>Be\u017ei\u010dni tanki upravlja\u010d s 4 funkcijske tipke<\/p>\n","protected":false},"featured_media":1385,"template":"","meta":[],"product_cat":[23,31],"product_tag":[],"class_list":["post-888","product","type-product","status-publish","has-post-thumbnail","hentry","product_cat-protuprovala","product_cat-pribor-protuprovala"],"_links":{"self":[{"href":"https:\/\/stz.com.hr\/webshop\/wp-json\/wp\/v2\/product\/888","targetHints":{"allow":["GET"]}}],"collection":[{"href":"https:\/\/stz.com.hr\/webshop\/wp-json\/wp\/v2\/product"}],"about":[{"href":"https:\/\/stz.com.hr\/webshop\/wp-json\/wp\/v2\/types\/product"}],"wp:featuredmedia":[{"embeddable":true,"href":"https:\/\/stz.com.hr\/webshop\/wp-json\/wp\/v2\/media\/1385"}],"wp:attachment":[{"href":"https:\/\/stz.com.hr\/webshop\/wp-json\/wp\/v2\/media?parent=888"}],"wp:term":[{"taxonomy":"product_cat","embeddable":true,"href":"https:\/\/stz.com.hr\/webshop\/wp-json\/wp\/v2\/product_cat?post=888"},{"taxonomy":"product_tag","embeddable":true,"href":"https:\/\/stz.com.hr\/webshop\/wp-json\/wp\/v2\/product_tag?post=888"}],"curies":[{"name":"wp","href":"https:\/\/api.w.org\/{rel}","templated":true}]}}