{"id":885,"date":"2023-02-27T09:29:28","date_gmt":"2023-02-27T08:29:28","guid":{"rendered":"https:\/\/stz.com.hr\/webshop\/?post_type=product&#038;p=885"},"modified":"2026-04-17T15:14:58","modified_gmt":"2026-04-17T13:14:58","slug":"bezicni-vanjski-magnetni-kontakt-dsc-pg8312","status":"publish","type":"product","link":"https:\/\/stz.com.hr\/webshop\/proizvod\/bezicni-vanjski-magnetni-kontakt-dsc-pg8312\/","title":{"rendered":"BE\u017dI\u010cNI VANJSKI MAGNETNI KONTAKT DSC PG8312"},"content":{"rendered":"<p>PowerG 868MHz be\u017ei\u010dni vanjski magnetni kontakt vrata\/prozor<\/p>\n<p>IP66, auxiliary input as NC, NO or EOL<\/p>\n","protected":false},"excerpt":{"rendered":"<p>Be\u017ei\u010dni magnetni kontakt\u00a0 vrata\/ prozor za NEO seriju panela<\/p>\n","protected":false},"featured_media":1382,"template":"","meta":[],"product_cat":[23,30],"product_tag":[],"class_list":["post-885","product","type-product","status-publish","has-post-thumbnail","hentry","product_cat-protuprovala","product_cat-magnetni-kontakti"],"_links":{"self":[{"href":"https:\/\/stz.com.hr\/webshop\/wp-json\/wp\/v2\/product\/885","targetHints":{"allow":["GET"]}}],"collection":[{"href":"https:\/\/stz.com.hr\/webshop\/wp-json\/wp\/v2\/product"}],"about":[{"href":"https:\/\/stz.com.hr\/webshop\/wp-json\/wp\/v2\/types\/product"}],"wp:featuredmedia":[{"embeddable":true,"href":"https:\/\/stz.com.hr\/webshop\/wp-json\/wp\/v2\/media\/1382"}],"wp:attachment":[{"href":"https:\/\/stz.com.hr\/webshop\/wp-json\/wp\/v2\/media?parent=885"}],"wp:term":[{"taxonomy":"product_cat","embeddable":true,"href":"https:\/\/stz.com.hr\/webshop\/wp-json\/wp\/v2\/product_cat?post=885"},{"taxonomy":"product_tag","embeddable":true,"href":"https:\/\/stz.com.hr\/webshop\/wp-json\/wp\/v2\/product_tag?post=885"}],"curies":[{"name":"wp","href":"https:\/\/api.w.org\/{rel}","templated":true}]}}