{"id":884,"date":"2023-02-27T09:29:03","date_gmt":"2023-02-27T08:29:03","guid":{"rendered":"https:\/\/stz.com.hr\/webshop\/?post_type=product&#038;p=884"},"modified":"2023-03-10T10:43:29","modified_gmt":"2023-03-10T09:43:29","slug":"bezicni-tanki-magnetni-kontakt-dsc-pg8303br","status":"publish","type":"product","link":"https:\/\/stz.com.hr\/webshop\/proizvod\/bezicni-tanki-magnetni-kontakt-dsc-pg8303br\/","title":{"rendered":"BE\u017dI\u010cNI TANKI MAGNETNI KONTAKT DSC PG8303BR"},"content":{"rendered":"<p>PowerG 868MHz be\u017ei\u010dni tanki magnetni kontakt vrata\/prozor<\/p>\n","protected":false},"excerpt":{"rendered":"<p>Be\u017ei\u010dni tanki magnetni kontakt vrata\/prozor<\/p>\n","protected":false},"featured_media":1381,"template":"","meta":[],"product_cat":[23,30],"product_tag":[],"class_list":["post-884","product","type-product","status-publish","has-post-thumbnail","hentry","product_cat-protuprovala","product_cat-magnetni-kontakti"],"_links":{"self":[{"href":"https:\/\/stz.com.hr\/webshop\/wp-json\/wp\/v2\/product\/884","targetHints":{"allow":["GET"]}}],"collection":[{"href":"https:\/\/stz.com.hr\/webshop\/wp-json\/wp\/v2\/product"}],"about":[{"href":"https:\/\/stz.com.hr\/webshop\/wp-json\/wp\/v2\/types\/product"}],"wp:featuredmedia":[{"embeddable":true,"href":"https:\/\/stz.com.hr\/webshop\/wp-json\/wp\/v2\/media\/1381"}],"wp:attachment":[{"href":"https:\/\/stz.com.hr\/webshop\/wp-json\/wp\/v2\/media?parent=884"}],"wp:term":[{"taxonomy":"product_cat","embeddable":true,"href":"https:\/\/stz.com.hr\/webshop\/wp-json\/wp\/v2\/product_cat?post=884"},{"taxonomy":"product_tag","embeddable":true,"href":"https:\/\/stz.com.hr\/webshop\/wp-json\/wp\/v2\/product_tag?post=884"}],"curies":[{"name":"wp","href":"https:\/\/api.w.org\/{rel}","templated":true}]}}