{"id":883,"date":"2023-02-27T09:28:36","date_gmt":"2023-02-27T08:28:36","guid":{"rendered":"https:\/\/stz.com.hr\/webshop\/?post_type=product&#038;p=883"},"modified":"2026-04-17T15:15:17","modified_gmt":"2026-04-17T13:15:17","slug":"bezicni-tanki-magnetni-kontakt-dsc-pg8303","status":"publish","type":"product","link":"https:\/\/stz.com.hr\/webshop\/proizvod\/bezicni-tanki-magnetni-kontakt-dsc-pg8303\/","title":{"rendered":"BE\u017dI\u010cNI TANKI MAGNETNI KONTAKT DSC PG8303"},"content":{"rendered":"<p>PowerG 868MHz be\u017ei\u010dni tanki magnetni kontakt vrata\/prozor<\/p>\n","protected":false},"excerpt":{"rendered":"<p>Be\u017ei\u010dni tanki magnetni kontakt vrata\/prozor<\/p>\n","protected":false},"featured_media":1380,"template":"","meta":[],"product_cat":[23,30],"product_tag":[],"class_list":["post-883","product","type-product","status-publish","has-post-thumbnail","hentry","product_cat-protuprovala","product_cat-magnetni-kontakti"],"_links":{"self":[{"href":"https:\/\/stz.com.hr\/webshop\/wp-json\/wp\/v2\/product\/883","targetHints":{"allow":["GET"]}}],"collection":[{"href":"https:\/\/stz.com.hr\/webshop\/wp-json\/wp\/v2\/product"}],"about":[{"href":"https:\/\/stz.com.hr\/webshop\/wp-json\/wp\/v2\/types\/product"}],"wp:featuredmedia":[{"embeddable":true,"href":"https:\/\/stz.com.hr\/webshop\/wp-json\/wp\/v2\/media\/1380"}],"wp:attachment":[{"href":"https:\/\/stz.com.hr\/webshop\/wp-json\/wp\/v2\/media?parent=883"}],"wp:term":[{"taxonomy":"product_cat","embeddable":true,"href":"https:\/\/stz.com.hr\/webshop\/wp-json\/wp\/v2\/product_cat?post=883"},{"taxonomy":"product_tag","embeddable":true,"href":"https:\/\/stz.com.hr\/webshop\/wp-json\/wp\/v2\/product_tag?post=883"}],"curies":[{"name":"wp","href":"https:\/\/api.w.org\/{rel}","templated":true}]}}