{"id":882,"date":"2023-02-27T09:01:20","date_gmt":"2023-02-27T08:01:20","guid":{"rendered":"https:\/\/stz.com.hr\/webshop\/?post_type=product&#038;p=882"},"modified":"2023-03-10T10:42:23","modified_gmt":"2023-03-10T09:42:23","slug":"bezicni-magnetni-kontakt-dsc-pg8945br","status":"publish","type":"product","link":"https:\/\/stz.com.hr\/webshop\/proizvod\/bezicni-magnetni-kontakt-dsc-pg8945br\/","title":{"rendered":"BE\u017dI\u010cNI MAGNETNI KONTAKT DSC PG8945BR"},"content":{"rendered":"<p>PowerG 868MHz be\u017ei\u010dni magnetni kontakt vrata\/prozor<\/p>\n<p>auxiliary input as NC, NO or EOL, sme\u0111i<\/p>\n","protected":false},"excerpt":{"rendered":"<p>Be\u017ei\u010dni magnetni kontakt za vrata\/prozor\u00a0 NEO seriju panela<\/p>\n","protected":false},"featured_media":1375,"template":"","meta":[],"product_cat":[23,30],"product_tag":[],"class_list":["post-882","product","type-product","status-publish","has-post-thumbnail","hentry","product_cat-protuprovala","product_cat-magnetni-kontakti"],"_links":{"self":[{"href":"https:\/\/stz.com.hr\/webshop\/wp-json\/wp\/v2\/product\/882","targetHints":{"allow":["GET"]}}],"collection":[{"href":"https:\/\/stz.com.hr\/webshop\/wp-json\/wp\/v2\/product"}],"about":[{"href":"https:\/\/stz.com.hr\/webshop\/wp-json\/wp\/v2\/types\/product"}],"wp:featuredmedia":[{"embeddable":true,"href":"https:\/\/stz.com.hr\/webshop\/wp-json\/wp\/v2\/media\/1375"}],"wp:attachment":[{"href":"https:\/\/stz.com.hr\/webshop\/wp-json\/wp\/v2\/media?parent=882"}],"wp:term":[{"taxonomy":"product_cat","embeddable":true,"href":"https:\/\/stz.com.hr\/webshop\/wp-json\/wp\/v2\/product_cat?post=882"},{"taxonomy":"product_tag","embeddable":true,"href":"https:\/\/stz.com.hr\/webshop\/wp-json\/wp\/v2\/product_tag?post=882"}],"curies":[{"name":"wp","href":"https:\/\/api.w.org\/{rel}","templated":true}]}}