{"id":881,"date":"2023-02-27T08:57:40","date_gmt":"2023-02-27T07:57:40","guid":{"rendered":"https:\/\/stz.com.hr\/webshop\/?post_type=product&#038;p=881"},"modified":"2026-04-17T15:16:25","modified_gmt":"2026-04-17T13:16:25","slug":"bezicni-magnetni-kontakt-dsc-pg8945","status":"publish","type":"product","link":"https:\/\/stz.com.hr\/webshop\/proizvod\/bezicni-magnetni-kontakt-dsc-pg8945\/","title":{"rendered":"BE\u017dI\u010cNI MAGNETNI KONTAKT DSC PG8945"},"content":{"rendered":"<p>PowerG 868MHz be\u017ei\u010dni magnetni kontakt vrata\/prozor<\/p>\n<p>auxiliary input as NC, NO or EOL<\/p>\n","protected":false},"excerpt":{"rendered":"<p>Be\u017ei\u010dni magnetni kontakt vrata\/prozor\u00a0 za NEO seriju panela<\/p>\n","protected":false},"featured_media":1436,"template":"","meta":[],"product_cat":[23,30],"product_tag":[],"class_list":["post-881","product","type-product","status-publish","has-post-thumbnail","hentry","product_cat-protuprovala","product_cat-magnetni-kontakti"],"_links":{"self":[{"href":"https:\/\/stz.com.hr\/webshop\/wp-json\/wp\/v2\/product\/881","targetHints":{"allow":["GET"]}}],"collection":[{"href":"https:\/\/stz.com.hr\/webshop\/wp-json\/wp\/v2\/product"}],"about":[{"href":"https:\/\/stz.com.hr\/webshop\/wp-json\/wp\/v2\/types\/product"}],"wp:featuredmedia":[{"embeddable":true,"href":"https:\/\/stz.com.hr\/webshop\/wp-json\/wp\/v2\/media\/1436"}],"wp:attachment":[{"href":"https:\/\/stz.com.hr\/webshop\/wp-json\/wp\/v2\/media?parent=881"}],"wp:term":[{"taxonomy":"product_cat","embeddable":true,"href":"https:\/\/stz.com.hr\/webshop\/wp-json\/wp\/v2\/product_cat?post=881"},{"taxonomy":"product_tag","embeddable":true,"href":"https:\/\/stz.com.hr\/webshop\/wp-json\/wp\/v2\/product_tag?post=881"}],"curies":[{"name":"wp","href":"https:\/\/api.w.org\/{rel}","templated":true}]}}