{"id":843,"date":"2023-02-24T14:14:46","date_gmt":"2023-02-24T13:14:46","guid":{"rendered":"https:\/\/stz.com.hr\/webshop\/?post_type=product&#038;p=843"},"modified":"2023-03-08T15:45:27","modified_gmt":"2023-03-08T14:45:27","slug":"bezicni-vanjski-detektor-pokreta-dsc-pg8944","status":"publish","type":"product","link":"https:\/\/stz.com.hr\/webshop\/proizvod\/bezicni-vanjski-detektor-pokreta-dsc-pg8944\/","title":{"rendered":"BE\u017dI\u010cNI VANJSKI DETEKTOR POKRETA DSC PG8944"},"content":{"rendered":"<p>PowerG 868MHz be\u017ei\u010dni vanjski detektor pokreta do 12m sa ugra\u0111enom kamerom<\/p>\n<p>Octa-Quad tehnologija<\/p>\n<p>neosjetljiv na ku\u0107ne ljubimce do 18kg<\/p>\n","protected":false},"excerpt":{"rendered":"<p>PowerG be\u017ei\u010dni vanjski detektor pokreta do 12m sa ugra\u0111enom kamerom, Octa-Quad tehnologija, neosjetljiv na ku\u0107ne ljubimce do 18kg<\/p>\n","protected":false},"featured_media":845,"template":"","meta":[],"product_cat":[23,26],"product_tag":[],"class_list":["post-843","product","type-product","status-publish","has-post-thumbnail","hentry","product_cat-protuprovala","product_cat-detektori-pokreta"],"_links":{"self":[{"href":"https:\/\/stz.com.hr\/webshop\/wp-json\/wp\/v2\/product\/843","targetHints":{"allow":["GET"]}}],"collection":[{"href":"https:\/\/stz.com.hr\/webshop\/wp-json\/wp\/v2\/product"}],"about":[{"href":"https:\/\/stz.com.hr\/webshop\/wp-json\/wp\/v2\/types\/product"}],"wp:featuredmedia":[{"embeddable":true,"href":"https:\/\/stz.com.hr\/webshop\/wp-json\/wp\/v2\/media\/845"}],"wp:attachment":[{"href":"https:\/\/stz.com.hr\/webshop\/wp-json\/wp\/v2\/media?parent=843"}],"wp:term":[{"taxonomy":"product_cat","embeddable":true,"href":"https:\/\/stz.com.hr\/webshop\/wp-json\/wp\/v2\/product_cat?post=843"},{"taxonomy":"product_tag","embeddable":true,"href":"https:\/\/stz.com.hr\/webshop\/wp-json\/wp\/v2\/product_tag?post=843"}],"curies":[{"name":"wp","href":"https:\/\/api.w.org\/{rel}","templated":true}]}}