{"id":840,"date":"2023-02-24T14:20:40","date_gmt":"2023-02-24T13:20:40","guid":{"rendered":"https:\/\/stz.com.hr\/webshop\/?post_type=product&#038;p=840"},"modified":"2026-04-17T15:22:52","modified_gmt":"2026-04-17T13:22:52","slug":"bezicni-pir-detektor-pokreta-dsc-pg8984","status":"publish","type":"product","link":"https:\/\/stz.com.hr\/webshop\/proizvod\/bezicni-pir-detektor-pokreta-dsc-pg8984\/","title":{"rendered":"BE\u017dI\u010cNI PIR DETEKTOR POKRETA DSC PG8984"},"content":{"rendered":"<p>PowerG 868MHz be\u017ei\u010dni PIR detektor pokreta + Microwawe do 15m<\/p>\n<p>antimasking, zrcalna optika<\/p>\n<p>&nbsp;<\/p>\n","protected":false},"excerpt":{"rendered":"<p>PowerG\u00a0 be\u017ei\u010dni PIR detektor pokreta + Microwawe do 15m, antimasking, zrcalna optika<\/p>\n","protected":false},"featured_media":848,"template":"","meta":[],"product_cat":[23,26],"product_tag":[],"class_list":["post-840","product","type-product","status-publish","has-post-thumbnail","hentry","product_cat-protuprovala","product_cat-detektori-pokreta"],"_links":{"self":[{"href":"https:\/\/stz.com.hr\/webshop\/wp-json\/wp\/v2\/product\/840","targetHints":{"allow":["GET"]}}],"collection":[{"href":"https:\/\/stz.com.hr\/webshop\/wp-json\/wp\/v2\/product"}],"about":[{"href":"https:\/\/stz.com.hr\/webshop\/wp-json\/wp\/v2\/types\/product"}],"wp:featuredmedia":[{"embeddable":true,"href":"https:\/\/stz.com.hr\/webshop\/wp-json\/wp\/v2\/media\/848"}],"wp:attachment":[{"href":"https:\/\/stz.com.hr\/webshop\/wp-json\/wp\/v2\/media?parent=840"}],"wp:term":[{"taxonomy":"product_cat","embeddable":true,"href":"https:\/\/stz.com.hr\/webshop\/wp-json\/wp\/v2\/product_cat?post=840"},{"taxonomy":"product_tag","embeddable":true,"href":"https:\/\/stz.com.hr\/webshop\/wp-json\/wp\/v2\/product_tag?post=840"}],"curies":[{"name":"wp","href":"https:\/\/api.w.org\/{rel}","templated":true}]}}