{"id":839,"date":"2023-02-24T14:22:09","date_gmt":"2023-02-24T13:22:09","guid":{"rendered":"https:\/\/stz.com.hr\/webshop\/?post_type=product&#038;p=839"},"modified":"2023-03-08T15:46:32","modified_gmt":"2023-03-08T14:46:32","slug":"bezicni-pir-detektor-pokreta-dsc-pg8984p","status":"publish","type":"product","link":"https:\/\/stz.com.hr\/webshop\/proizvod\/bezicni-pir-detektor-pokreta-dsc-pg8984p\/","title":{"rendered":"BE\u017dI\u010cNI PIR DETEKTOR POKRETA DSC PG8984P"},"content":{"rendered":"<p>PowerG 868MHz be\u017ei\u010dni PIR detektor pokreta + Microwawe do 15m<\/p>\n<p>antimasking, zrcalna optika<\/p>\n<p>neosjetljiv na ku\u0107ne ljubimce do 18kg<\/p>\n","protected":false},"excerpt":{"rendered":"<p>PowerG\u00a0 be\u017ei\u010dni PIR detektor pokreta + Microwawe do 15m, antimasking, zrcalna optika, neosjetljiv na ku\u0107ne ljubimce do 18kg<\/p>\n","protected":false},"featured_media":849,"template":"","meta":[],"product_cat":[23,26],"product_tag":[],"class_list":["post-839","product","type-product","status-publish","has-post-thumbnail","hentry","product_cat-protuprovala","product_cat-detektori-pokreta"],"_links":{"self":[{"href":"https:\/\/stz.com.hr\/webshop\/wp-json\/wp\/v2\/product\/839","targetHints":{"allow":["GET"]}}],"collection":[{"href":"https:\/\/stz.com.hr\/webshop\/wp-json\/wp\/v2\/product"}],"about":[{"href":"https:\/\/stz.com.hr\/webshop\/wp-json\/wp\/v2\/types\/product"}],"wp:featuredmedia":[{"embeddable":true,"href":"https:\/\/stz.com.hr\/webshop\/wp-json\/wp\/v2\/media\/849"}],"wp:attachment":[{"href":"https:\/\/stz.com.hr\/webshop\/wp-json\/wp\/v2\/media?parent=839"}],"wp:term":[{"taxonomy":"product_cat","embeddable":true,"href":"https:\/\/stz.com.hr\/webshop\/wp-json\/wp\/v2\/product_cat?post=839"},{"taxonomy":"product_tag","embeddable":true,"href":"https:\/\/stz.com.hr\/webshop\/wp-json\/wp\/v2\/product_tag?post=839"}],"curies":[{"name":"wp","href":"https:\/\/api.w.org\/{rel}","templated":true}]}}