{"id":838,"date":"2023-02-24T11:41:34","date_gmt":"2023-02-24T10:41:34","guid":{"rendered":"https:\/\/stz.com.hr\/webshop\/?post_type=product&#038;p=838"},"modified":"2026-04-17T15:23:46","modified_gmt":"2026-04-17T13:23:46","slug":"bezicni-pir-detektor-pokreta-dsc-pg8974p","status":"publish","type":"product","link":"https:\/\/stz.com.hr\/webshop\/proizvod\/bezicni-pir-detektor-pokreta-dsc-pg8974p\/","title":{"rendered":"BE\u017dI\u010cNI PIR DETEKTOR POKRETA DSC PG8974P"},"content":{"rendered":"<p>PowerG 868MHz be\u017ei\u010dni PIR detektor pokreta do 15m<\/p>\n<p>antimasking, zrcalna optika<\/p>\n<p>neosjetljiv na ku\u0107ne ljubimce do 18kg<\/p>\n","protected":false},"excerpt":{"rendered":"<p>PowerGbe\u017ei\u010dni PIR detektor pokreta do 15m, antimasking, zrcalna optika, neosjetljiv na ku\u0107ne ljubimce do 18kg<\/p>\n","protected":false},"featured_media":850,"template":"","meta":[],"product_cat":[23,26],"product_tag":[],"class_list":["post-838","product","type-product","status-publish","has-post-thumbnail","hentry","product_cat-protuprovala","product_cat-detektori-pokreta"],"_links":{"self":[{"href":"https:\/\/stz.com.hr\/webshop\/wp-json\/wp\/v2\/product\/838","targetHints":{"allow":["GET"]}}],"collection":[{"href":"https:\/\/stz.com.hr\/webshop\/wp-json\/wp\/v2\/product"}],"about":[{"href":"https:\/\/stz.com.hr\/webshop\/wp-json\/wp\/v2\/types\/product"}],"wp:featuredmedia":[{"embeddable":true,"href":"https:\/\/stz.com.hr\/webshop\/wp-json\/wp\/v2\/media\/850"}],"wp:attachment":[{"href":"https:\/\/stz.com.hr\/webshop\/wp-json\/wp\/v2\/media?parent=838"}],"wp:term":[{"taxonomy":"product_cat","embeddable":true,"href":"https:\/\/stz.com.hr\/webshop\/wp-json\/wp\/v2\/product_cat?post=838"},{"taxonomy":"product_tag","embeddable":true,"href":"https:\/\/stz.com.hr\/webshop\/wp-json\/wp\/v2\/product_tag?post=838"}],"curies":[{"name":"wp","href":"https:\/\/api.w.org\/{rel}","templated":true}]}}