{"id":836,"date":"2023-02-24T14:27:01","date_gmt":"2023-02-24T13:27:01","guid":{"rendered":"https:\/\/stz.com.hr\/webshop\/?post_type=product&#038;p=836"},"modified":"2026-04-17T15:22:01","modified_gmt":"2026-04-17T13:22:01","slug":"bezicni-pir-detektor-pokreta-dsc-pg8914","status":"publish","type":"product","link":"https:\/\/stz.com.hr\/webshop\/proizvod\/bezicni-pir-detektor-pokreta-dsc-pg8914\/","title":{"rendered":"BE\u017dI\u010cNI PIR DETEKTOR POKRETA DSC PG8914"},"content":{"rendered":"<p>PowerG 868MHz be\u017ei\u010dni PIR detektor pokreta do 12m<\/p>\n<p>neosjetljiv na ku\u0107ne ljubimce do 38kg<\/p>\n","protected":false},"excerpt":{"rendered":"<p>PowerG\u00a0 be\u017ei\u010dni PIR detektor pokreta<\/p>\n","protected":false},"featured_media":852,"template":"","meta":[],"product_cat":[23,26],"product_tag":[],"class_list":["post-836","product","type-product","status-publish","has-post-thumbnail","hentry","product_cat-protuprovala","product_cat-detektori-pokreta"],"_links":{"self":[{"href":"https:\/\/stz.com.hr\/webshop\/wp-json\/wp\/v2\/product\/836","targetHints":{"allow":["GET"]}}],"collection":[{"href":"https:\/\/stz.com.hr\/webshop\/wp-json\/wp\/v2\/product"}],"about":[{"href":"https:\/\/stz.com.hr\/webshop\/wp-json\/wp\/v2\/types\/product"}],"wp:featuredmedia":[{"embeddable":true,"href":"https:\/\/stz.com.hr\/webshop\/wp-json\/wp\/v2\/media\/852"}],"wp:attachment":[{"href":"https:\/\/stz.com.hr\/webshop\/wp-json\/wp\/v2\/media?parent=836"}],"wp:term":[{"taxonomy":"product_cat","embeddable":true,"href":"https:\/\/stz.com.hr\/webshop\/wp-json\/wp\/v2\/product_cat?post=836"},{"taxonomy":"product_tag","embeddable":true,"href":"https:\/\/stz.com.hr\/webshop\/wp-json\/wp\/v2\/product_tag?post=836"}],"curies":[{"name":"wp","href":"https:\/\/api.w.org\/{rel}","templated":true}]}}