{"id":834,"date":"2023-02-24T14:32:16","date_gmt":"2023-02-24T13:32:16","guid":{"rendered":"https:\/\/stz.com.hr\/webshop\/?post_type=product&#038;p=834"},"modified":"2025-01-30T13:48:13","modified_gmt":"2025-01-30T12:48:13","slug":"bezicni-repetitor-pojacivac-dsc-pg8920eu","status":"publish","type":"product","link":"https:\/\/stz.com.hr\/webshop\/proizvod\/bezicni-repetitor-pojacivac-dsc-pg8920eu\/","title":{"rendered":"BE\u017dI\u010cNI REPETITOR\/POJA\u010cIVA\u010c DSC PG8920EU"},"content":{"rendered":"<p>PowerG be\u017ei\u010dni repetitor\/poja\u010diva\u010d 868MHz \u00a0sa back-up napajanjem u kompletu<\/p>\n","protected":false},"excerpt":{"rendered":"<p>PowerG be\u017ei\u010dni repetitor\/poja\u010diva\u010d DSC<\/p>\n","protected":false},"featured_media":854,"template":"","meta":[],"product_cat":[23,29],"product_tag":[],"class_list":["post-834","product","type-product","status-publish","has-post-thumbnail","hentry","product_cat-protuprovala","product_cat-moduli"],"_links":{"self":[{"href":"https:\/\/stz.com.hr\/webshop\/wp-json\/wp\/v2\/product\/834","targetHints":{"allow":["GET"]}}],"collection":[{"href":"https:\/\/stz.com.hr\/webshop\/wp-json\/wp\/v2\/product"}],"about":[{"href":"https:\/\/stz.com.hr\/webshop\/wp-json\/wp\/v2\/types\/product"}],"wp:featuredmedia":[{"embeddable":true,"href":"https:\/\/stz.com.hr\/webshop\/wp-json\/wp\/v2\/media\/854"}],"wp:attachment":[{"href":"https:\/\/stz.com.hr\/webshop\/wp-json\/wp\/v2\/media?parent=834"}],"wp:term":[{"taxonomy":"product_cat","embeddable":true,"href":"https:\/\/stz.com.hr\/webshop\/wp-json\/wp\/v2\/product_cat?post=834"},{"taxonomy":"product_tag","embeddable":true,"href":"https:\/\/stz.com.hr\/webshop\/wp-json\/wp\/v2\/product_tag?post=834"}],"curies":[{"name":"wp","href":"https:\/\/api.w.org\/{rel}","templated":true}]}}