{"id":833,"date":"2023-02-24T14:34:02","date_gmt":"2023-02-24T13:34:02","guid":{"rendered":"https:\/\/stz.com.hr\/webshop\/?post_type=product&#038;p=833"},"modified":"2023-03-08T15:47:23","modified_gmt":"2023-03-08T14:47:23","slug":"bezicni-primopredajnik-dsc-hsm2host8","status":"publish","type":"product","link":"https:\/\/stz.com.hr\/webshop\/proizvod\/bezicni-primopredajnik-dsc-hsm2host8\/","title":{"rendered":"BE\u017dI\u010cNI PRIMOPREDAJNIK DSC HSM2HOST8"},"content":{"rendered":"<p>PowerG be\u017ei\u010dni primopredajnik 868MHz<\/p>\n<p>do 128 be\u017ei\u010dnih zona i 32 be\u017ei\u010dna klju\u010da (ovisno o centrali)<\/p>\n","protected":false},"excerpt":{"rendered":"<p>Be\u017ei\u010dni primopredajnik za NEO seriju panela<\/p>\n","protected":false},"featured_media":855,"template":"","meta":[],"product_cat":[23,29],"product_tag":[],"class_list":["post-833","product","type-product","status-publish","has-post-thumbnail","hentry","product_cat-protuprovala","product_cat-moduli"],"_links":{"self":[{"href":"https:\/\/stz.com.hr\/webshop\/wp-json\/wp\/v2\/product\/833","targetHints":{"allow":["GET"]}}],"collection":[{"href":"https:\/\/stz.com.hr\/webshop\/wp-json\/wp\/v2\/product"}],"about":[{"href":"https:\/\/stz.com.hr\/webshop\/wp-json\/wp\/v2\/types\/product"}],"wp:featuredmedia":[{"embeddable":true,"href":"https:\/\/stz.com.hr\/webshop\/wp-json\/wp\/v2\/media\/855"}],"wp:attachment":[{"href":"https:\/\/stz.com.hr\/webshop\/wp-json\/wp\/v2\/media?parent=833"}],"wp:term":[{"taxonomy":"product_cat","embeddable":true,"href":"https:\/\/stz.com.hr\/webshop\/wp-json\/wp\/v2\/product_cat?post=833"},{"taxonomy":"product_tag","embeddable":true,"href":"https:\/\/stz.com.hr\/webshop\/wp-json\/wp\/v2\/product_tag?post=833"}],"curies":[{"name":"wp","href":"https:\/\/api.w.org\/{rel}","templated":true}]}}