{"id":831,"date":"2023-02-24T14:39:01","date_gmt":"2023-02-24T13:39:01","guid":{"rendered":"https:\/\/stz.com.hr\/webshop\/?post_type=product&#038;p=831"},"modified":"2026-04-17T15:20:56","modified_gmt":"2026-04-17T13:20:56","slug":"zicana-touch-7-tipkovnica-dsc-hs2tchpblkee1","status":"publish","type":"product","link":"https:\/\/stz.com.hr\/webshop\/proizvod\/zicana-touch-7-tipkovnica-dsc-hs2tchpblkee1\/","title":{"rendered":"\u017dI\u010cANA TOUCH 7&#8243; TIPKOVNICA DSC HS2TCHPBLKEE1"},"content":{"rendered":"<p>\u017di\u010dna touch 7&#8243; tipkovnica + RFID \u010dita\u010d + SD card<\/p>\n<p>128 \u017ei\u010dnih\/be\u017ei\u010dnih zona, ENG\/FRA\/ESP\/POR, boja crna<\/p>\n","protected":false},"excerpt":{"rendered":"<p>\u017di\u010dna touch 7&#8243; tipkovnica + RFID \u010dita\u010d + SD card crne boje<\/p>\n","protected":false},"featured_media":1486,"template":"","meta":[],"product_cat":[23,25],"product_tag":[],"class_list":["post-831","product","type-product","status-publish","has-post-thumbnail","hentry","product_cat-protuprovala","product_cat-tipkovnice"],"_links":{"self":[{"href":"https:\/\/stz.com.hr\/webshop\/wp-json\/wp\/v2\/product\/831","targetHints":{"allow":["GET"]}}],"collection":[{"href":"https:\/\/stz.com.hr\/webshop\/wp-json\/wp\/v2\/product"}],"about":[{"href":"https:\/\/stz.com.hr\/webshop\/wp-json\/wp\/v2\/types\/product"}],"wp:featuredmedia":[{"embeddable":true,"href":"https:\/\/stz.com.hr\/webshop\/wp-json\/wp\/v2\/media\/1486"}],"wp:attachment":[{"href":"https:\/\/stz.com.hr\/webshop\/wp-json\/wp\/v2\/media?parent=831"}],"wp:term":[{"taxonomy":"product_cat","embeddable":true,"href":"https:\/\/stz.com.hr\/webshop\/wp-json\/wp\/v2\/product_cat?post=831"},{"taxonomy":"product_tag","embeddable":true,"href":"https:\/\/stz.com.hr\/webshop\/wp-json\/wp\/v2\/product_tag?post=831"}],"curies":[{"name":"wp","href":"https:\/\/api.w.org\/{rel}","templated":true}]}}