{"id":830,"date":"2023-02-24T14:40:59","date_gmt":"2023-02-24T13:40:59","guid":{"rendered":"https:\/\/stz.com.hr\/webshop\/?post_type=product&#038;p=830"},"modified":"2026-04-17T15:20:49","modified_gmt":"2026-04-17T13:20:49","slug":"zicana-touch-7-tipkovnica-dsc-hs2tchpee1","status":"publish","type":"product","link":"https:\/\/stz.com.hr\/webshop\/proizvod\/zicana-touch-7-tipkovnica-dsc-hs2tchpee1\/","title":{"rendered":"\u017dI\u010cANA TOUCH 7&#8243; TIPKOVNICA DSC HS2TCHPEE1"},"content":{"rendered":"<p>\u017di\u010dna touch 7&#8243; tipkovnica + RFID \u010dita\u010d + SD card, 128<\/p>\n<p>\u017ei\u010dnih\/be\u017ei\u010dnih zona, ENG\/FRA\/ESP\/POR, boja bijela\/crna<\/p>\n","protected":false},"excerpt":{"rendered":"<p>\u017di\u010dna touch 7&#8243; tipkovnica + RFID \u010dita\u010d + SD card bijele boje<\/p>\n","protected":false},"featured_media":858,"template":"","meta":[],"product_cat":[23,25],"product_tag":[],"class_list":["post-830","product","type-product","status-publish","has-post-thumbnail","hentry","product_cat-protuprovala","product_cat-tipkovnice"],"_links":{"self":[{"href":"https:\/\/stz.com.hr\/webshop\/wp-json\/wp\/v2\/product\/830","targetHints":{"allow":["GET"]}}],"collection":[{"href":"https:\/\/stz.com.hr\/webshop\/wp-json\/wp\/v2\/product"}],"about":[{"href":"https:\/\/stz.com.hr\/webshop\/wp-json\/wp\/v2\/types\/product"}],"wp:featuredmedia":[{"embeddable":true,"href":"https:\/\/stz.com.hr\/webshop\/wp-json\/wp\/v2\/media\/858"}],"wp:attachment":[{"href":"https:\/\/stz.com.hr\/webshop\/wp-json\/wp\/v2\/media?parent=830"}],"wp:term":[{"taxonomy":"product_cat","embeddable":true,"href":"https:\/\/stz.com.hr\/webshop\/wp-json\/wp\/v2\/product_cat?post=830"},{"taxonomy":"product_tag","embeddable":true,"href":"https:\/\/stz.com.hr\/webshop\/wp-json\/wp\/v2\/product_tag?post=830"}],"curies":[{"name":"wp","href":"https:\/\/api.w.org\/{rel}","templated":true}]}}