{"id":828,"date":"2023-02-24T14:45:09","date_gmt":"2023-02-24T13:45:09","guid":{"rendered":"https:\/\/stz.com.hr\/webshop\/?post_type=product&#038;p=828"},"modified":"2023-03-08T15:48:34","modified_gmt":"2023-03-08T14:48:34","slug":"bezicna-lcd-full-message-tipkovnica-dsc-hs2lcdwfp8e1","status":"publish","type":"product","link":"https:\/\/stz.com.hr\/webshop\/proizvod\/bezicna-lcd-full-message-tipkovnica-dsc-hs2lcdwfp8e1\/","title":{"rendered":"BE\u017dI\u010cNA LCD FULL- MESSAGE TIPKOVNICA DSC HS2LCDWFP8E1"},"content":{"rendered":"<p>Be\u017ei\u010dna LCD full-message tipkovnica 868MHz + RFID \u010dita\u010d, 5 programilnih tipki, ENG\/FRA\/ESP\/POR<\/p>\n","protected":false},"excerpt":{"rendered":"<p>Be\u017ei\u010dna LCD full-message tipkovnica\u00a0 + RFID \u010dita\u010d sa 5 programilnih tipki<\/p>\n","protected":false},"featured_media":859,"template":"","meta":[],"product_cat":[23],"product_tag":[],"class_list":["post-828","product","type-product","status-publish","has-post-thumbnail","hentry","product_cat-protuprovala"],"_links":{"self":[{"href":"https:\/\/stz.com.hr\/webshop\/wp-json\/wp\/v2\/product\/828","targetHints":{"allow":["GET"]}}],"collection":[{"href":"https:\/\/stz.com.hr\/webshop\/wp-json\/wp\/v2\/product"}],"about":[{"href":"https:\/\/stz.com.hr\/webshop\/wp-json\/wp\/v2\/types\/product"}],"wp:featuredmedia":[{"embeddable":true,"href":"https:\/\/stz.com.hr\/webshop\/wp-json\/wp\/v2\/media\/859"}],"wp:attachment":[{"href":"https:\/\/stz.com.hr\/webshop\/wp-json\/wp\/v2\/media?parent=828"}],"wp:term":[{"taxonomy":"product_cat","embeddable":true,"href":"https:\/\/stz.com.hr\/webshop\/wp-json\/wp\/v2\/product_cat?post=828"},{"taxonomy":"product_tag","embeddable":true,"href":"https:\/\/stz.com.hr\/webshop\/wp-json\/wp\/v2\/product_tag?post=828"}],"curies":[{"name":"wp","href":"https:\/\/api.w.org\/{rel}","templated":true}]}}