{"id":827,"date":"2023-02-24T14:46:26","date_gmt":"2023-02-24T13:46:26","guid":{"rendered":"https:\/\/stz.com.hr\/webshop\/?post_type=product&#038;p=827"},"modified":"2023-03-08T15:48:52","modified_gmt":"2023-03-08T14:48:52","slug":"bezicna-lcd-full-message-tipkovnica-dsc-hs2lcdwf8ee3","status":"publish","type":"product","link":"https:\/\/stz.com.hr\/webshop\/proizvod\/bezicna-lcd-full-message-tipkovnica-dsc-hs2lcdwf8ee3\/","title":{"rendered":"BE\u017dI\u010cNA LCD FULL-MESSAGE TIPKOVNICA DSC HS2LCDWF8EE3"},"content":{"rendered":"<p>Be\u017ei\u010dna LCD full-message tipkovnica 868MHz<\/p>\n<p>5 programilnih tipki<\/p>\n<p>ENG\/CRO\/LITH\/SLOVAK\/EST\/ROM<\/p>\n","protected":false},"excerpt":{"rendered":"<p>Be\u017ei\u010dna LCD full-message tipkovnica sa 5 programilnih tipki<\/p>\n","protected":false},"featured_media":860,"template":"","meta":[],"product_cat":[23,25],"product_tag":[],"class_list":["post-827","product","type-product","status-publish","has-post-thumbnail","hentry","product_cat-protuprovala","product_cat-tipkovnice"],"_links":{"self":[{"href":"https:\/\/stz.com.hr\/webshop\/wp-json\/wp\/v2\/product\/827","targetHints":{"allow":["GET"]}}],"collection":[{"href":"https:\/\/stz.com.hr\/webshop\/wp-json\/wp\/v2\/product"}],"about":[{"href":"https:\/\/stz.com.hr\/webshop\/wp-json\/wp\/v2\/types\/product"}],"wp:featuredmedia":[{"embeddable":true,"href":"https:\/\/stz.com.hr\/webshop\/wp-json\/wp\/v2\/media\/860"}],"wp:attachment":[{"href":"https:\/\/stz.com.hr\/webshop\/wp-json\/wp\/v2\/media?parent=827"}],"wp:term":[{"taxonomy":"product_cat","embeddable":true,"href":"https:\/\/stz.com.hr\/webshop\/wp-json\/wp\/v2\/product_cat?post=827"},{"taxonomy":"product_tag","embeddable":true,"href":"https:\/\/stz.com.hr\/webshop\/wp-json\/wp\/v2\/product_tag?post=827"}],"curies":[{"name":"wp","href":"https:\/\/api.w.org\/{rel}","templated":true}]}}