{"id":826,"date":"2023-02-24T14:48:10","date_gmt":"2023-02-24T13:48:10","guid":{"rendered":"https:\/\/stz.com.hr\/webshop\/?post_type=product&#038;p=826"},"modified":"2026-04-17T15:20:21","modified_gmt":"2026-04-17T13:20:21","slug":"zicana-lcd-full-message-tipkovnica-dsc-hs2lcdrfp8e1","status":"publish","type":"product","link":"https:\/\/stz.com.hr\/webshop\/proizvod\/zicana-lcd-full-message-tipkovnica-dsc-hs2lcdrfp8e1\/","title":{"rendered":"\u017dI\u010cANA LCD FULL MESSAGE TIPKOVNICA DSC HS2LCDRFP8E1"},"content":{"rendered":"<p>\u017di\u010dna LCD full-message tipkovnica + primopredajnik 868MHz + RFID \u010dita\u010d,<\/p>\n<p>128 \u017ei\u010dnih\/be\u017ei\u010dnih zona,<\/p>\n<p>5 programilnih tipki<\/p>\n","protected":false},"excerpt":{"rendered":"<p>\u017di\u010dna LCD full-message tipkovnica + primopredajnik + RFID \u010dita\u010d sa 5 programilnih tipki<\/p>\n","protected":false},"featured_media":861,"template":"","meta":[],"product_cat":[23,25],"product_tag":[],"class_list":["post-826","product","type-product","status-publish","has-post-thumbnail","hentry","product_cat-protuprovala","product_cat-tipkovnice"],"_links":{"self":[{"href":"https:\/\/stz.com.hr\/webshop\/wp-json\/wp\/v2\/product\/826","targetHints":{"allow":["GET"]}}],"collection":[{"href":"https:\/\/stz.com.hr\/webshop\/wp-json\/wp\/v2\/product"}],"about":[{"href":"https:\/\/stz.com.hr\/webshop\/wp-json\/wp\/v2\/types\/product"}],"wp:featuredmedia":[{"embeddable":true,"href":"https:\/\/stz.com.hr\/webshop\/wp-json\/wp\/v2\/media\/861"}],"wp:attachment":[{"href":"https:\/\/stz.com.hr\/webshop\/wp-json\/wp\/v2\/media?parent=826"}],"wp:term":[{"taxonomy":"product_cat","embeddable":true,"href":"https:\/\/stz.com.hr\/webshop\/wp-json\/wp\/v2\/product_cat?post=826"},{"taxonomy":"product_tag","embeddable":true,"href":"https:\/\/stz.com.hr\/webshop\/wp-json\/wp\/v2\/product_tag?post=826"}],"curies":[{"name":"wp","href":"https:\/\/api.w.org\/{rel}","templated":true}]}}