{"id":824,"date":"2023-02-24T14:51:15","date_gmt":"2023-02-24T13:51:15","guid":{"rendered":"https:\/\/stz.com.hr\/webshop\/?post_type=product&#038;p=824"},"modified":"2026-04-17T15:19:53","modified_gmt":"2026-04-17T13:19:53","slug":"zicana-lcd-full-message-tipkovnica-dsc-hs2lcdpee3","status":"publish","type":"product","link":"https:\/\/stz.com.hr\/webshop\/proizvod\/zicana-lcd-full-message-tipkovnica-dsc-hs2lcdpee3\/","title":{"rendered":"\u017dI\u010cANA LCD FULL MESSAGE TIPKOVNICA DSC HS2LCDPEE3"},"content":{"rendered":"<p>\u017di\u010dna LCD full-message tipkovnica + RFID \u010dita\u010d<\/p>\n<p>128 \u017ei\u010dnih\/be\u017ei\u010dnih zona<\/p>\n<p>ENG\/CRO\/LITH\/SLOVAK\/EST\/ROM<\/p>\n","protected":false},"excerpt":{"rendered":"<p>\u017di\u010dna LCD full-message tipkovnica + RFID \u010dita\u010d<\/p>\n","protected":false},"featured_media":863,"template":"","meta":[],"product_cat":[23,25],"product_tag":[],"class_list":["post-824","product","type-product","status-publish","has-post-thumbnail","hentry","product_cat-protuprovala","product_cat-tipkovnice"],"_links":{"self":[{"href":"https:\/\/stz.com.hr\/webshop\/wp-json\/wp\/v2\/product\/824","targetHints":{"allow":["GET"]}}],"collection":[{"href":"https:\/\/stz.com.hr\/webshop\/wp-json\/wp\/v2\/product"}],"about":[{"href":"https:\/\/stz.com.hr\/webshop\/wp-json\/wp\/v2\/types\/product"}],"wp:featuredmedia":[{"embeddable":true,"href":"https:\/\/stz.com.hr\/webshop\/wp-json\/wp\/v2\/media\/863"}],"wp:attachment":[{"href":"https:\/\/stz.com.hr\/webshop\/wp-json\/wp\/v2\/media?parent=824"}],"wp:term":[{"taxonomy":"product_cat","embeddable":true,"href":"https:\/\/stz.com.hr\/webshop\/wp-json\/wp\/v2\/product_cat?post=824"},{"taxonomy":"product_tag","embeddable":true,"href":"https:\/\/stz.com.hr\/webshop\/wp-json\/wp\/v2\/product_tag?post=824"}],"curies":[{"name":"wp","href":"https:\/\/api.w.org\/{rel}","templated":true}]}}