{"id":821,"date":"2023-02-24T15:06:16","date_gmt":"2023-02-24T14:06:16","guid":{"rendered":"https:\/\/stz.com.hr\/webshop\/?post_type=product&#038;p=821"},"modified":"2026-04-17T15:19:31","modified_gmt":"2026-04-17T13:19:31","slug":"zicana-icon-tipkovnica-dsc-hs2icnrfp8s","status":"publish","type":"product","link":"https:\/\/stz.com.hr\/webshop\/proizvod\/zicana-icon-tipkovnica-dsc-hs2icnrfp8s\/","title":{"rendered":"\u017dI\u010cANA ICON TIPKOVNICA DSC HS2ICNRFP8S"},"content":{"rendered":"<p>\u017di\u010dna ICON tipkovnica sa simbolima + primopredajnik 868MHz + RFID \u010dita\u010d<\/p>\n<p>128 \u017ei\u010dnih\/be\u017ei\u010d. zona<\/p>\n<p>5 programabilnih tipki<\/p>\n<p>&nbsp;<\/p>\n","protected":false},"excerpt":{"rendered":"<p>\u017di\u010dna ICON tipkovnica sa simbolima + primopredajnik sa 5 programabilnih tipki<\/p>\n","protected":false},"featured_media":865,"template":"","meta":[],"product_cat":[23,25],"product_tag":[],"class_list":["post-821","product","type-product","status-publish","has-post-thumbnail","hentry","product_cat-protuprovala","product_cat-tipkovnice"],"_links":{"self":[{"href":"https:\/\/stz.com.hr\/webshop\/wp-json\/wp\/v2\/product\/821","targetHints":{"allow":["GET"]}}],"collection":[{"href":"https:\/\/stz.com.hr\/webshop\/wp-json\/wp\/v2\/product"}],"about":[{"href":"https:\/\/stz.com.hr\/webshop\/wp-json\/wp\/v2\/types\/product"}],"wp:featuredmedia":[{"embeddable":true,"href":"https:\/\/stz.com.hr\/webshop\/wp-json\/wp\/v2\/media\/865"}],"wp:attachment":[{"href":"https:\/\/stz.com.hr\/webshop\/wp-json\/wp\/v2\/media?parent=821"}],"wp:term":[{"taxonomy":"product_cat","embeddable":true,"href":"https:\/\/stz.com.hr\/webshop\/wp-json\/wp\/v2\/product_cat?post=821"},{"taxonomy":"product_tag","embeddable":true,"href":"https:\/\/stz.com.hr\/webshop\/wp-json\/wp\/v2\/product_tag?post=821"}],"curies":[{"name":"wp","href":"https:\/\/api.w.org\/{rel}","templated":true}]}}