{"id":820,"date":"2023-02-24T15:08:49","date_gmt":"2023-02-24T14:08:49","guid":{"rendered":"https:\/\/stz.com.hr\/webshop\/?post_type=product&#038;p=820"},"modified":"2026-04-17T15:19:09","modified_gmt":"2026-04-17T13:19:09","slug":"zicana-icon-tipkovnica-dsc-hs2icns","status":"publish","type":"product","link":"https:\/\/stz.com.hr\/webshop\/proizvod\/zicana-icon-tipkovnica-dsc-hs2icns\/","title":{"rendered":"\u017dI\u010cANA ICON TIPKOVNICA DSC HS2ICNS"},"content":{"rendered":"<p>\u017di\u010dna ICON tipkovnica sa simbolima<\/p>\n<p>128 \u017ei\u010dnih\/be\u017ei\u010dnih zona<\/p>\n<p>5 programabilnih tipki<\/p>\n","protected":false},"excerpt":{"rendered":"<p>\u017di\u010dna ICON tipkovnica sa simbolima i 5 programabilnih tipki<\/p>\n","protected":false},"featured_media":866,"template":"","meta":[],"product_cat":[23,25],"product_tag":[],"class_list":["post-820","product","type-product","status-publish","has-post-thumbnail","hentry","product_cat-protuprovala","product_cat-tipkovnice"],"_links":{"self":[{"href":"https:\/\/stz.com.hr\/webshop\/wp-json\/wp\/v2\/product\/820","targetHints":{"allow":["GET"]}}],"collection":[{"href":"https:\/\/stz.com.hr\/webshop\/wp-json\/wp\/v2\/product"}],"about":[{"href":"https:\/\/stz.com.hr\/webshop\/wp-json\/wp\/v2\/types\/product"}],"wp:featuredmedia":[{"embeddable":true,"href":"https:\/\/stz.com.hr\/webshop\/wp-json\/wp\/v2\/media\/866"}],"wp:attachment":[{"href":"https:\/\/stz.com.hr\/webshop\/wp-json\/wp\/v2\/media?parent=820"}],"wp:term":[{"taxonomy":"product_cat","embeddable":true,"href":"https:\/\/stz.com.hr\/webshop\/wp-json\/wp\/v2\/product_cat?post=820"},{"taxonomy":"product_tag","embeddable":true,"href":"https:\/\/stz.com.hr\/webshop\/wp-json\/wp\/v2\/product_tag?post=820"}],"curies":[{"name":"wp","href":"https:\/\/api.w.org\/{rel}","templated":true}]}}