{"id":815,"date":"2023-02-24T15:18:24","date_gmt":"2023-02-24T14:18:24","guid":{"rendered":"https:\/\/stz.com.hr\/webshop\/?post_type=product&#038;p=815"},"modified":"2026-04-17T15:18:21","modified_gmt":"2026-04-17T13:18:21","slug":"8-zonsko-zicano-prosirenje-dsc-hsm2108","status":"publish","type":"product","link":"https:\/\/stz.com.hr\/webshop\/proizvod\/8-zonsko-zicano-prosirenje-dsc-hsm2108\/","title":{"rendered":"8 ZONSKO \u017dI\u010cANO PRO\u0160IRENJE DSC HSM2108"},"content":{"rendered":"<p>8 zonsko \u017ei\u010dno pro\u0161irenje, AUX power up to 125 mA (PTC protected)<\/p>\n","protected":false},"excerpt":{"rendered":"<p>8 zonsko \u017ei\u010danu pro\u0161irenje DSC<\/p>\n","protected":false},"featured_media":871,"template":"","meta":[],"product_cat":[23,29],"product_tag":[],"class_list":["post-815","product","type-product","status-publish","has-post-thumbnail","hentry","product_cat-protuprovala","product_cat-moduli"],"_links":{"self":[{"href":"https:\/\/stz.com.hr\/webshop\/wp-json\/wp\/v2\/product\/815","targetHints":{"allow":["GET"]}}],"collection":[{"href":"https:\/\/stz.com.hr\/webshop\/wp-json\/wp\/v2\/product"}],"about":[{"href":"https:\/\/stz.com.hr\/webshop\/wp-json\/wp\/v2\/types\/product"}],"wp:featuredmedia":[{"embeddable":true,"href":"https:\/\/stz.com.hr\/webshop\/wp-json\/wp\/v2\/media\/871"}],"wp:attachment":[{"href":"https:\/\/stz.com.hr\/webshop\/wp-json\/wp\/v2\/media?parent=815"}],"wp:term":[{"taxonomy":"product_cat","embeddable":true,"href":"https:\/\/stz.com.hr\/webshop\/wp-json\/wp\/v2\/product_cat?post=815"},{"taxonomy":"product_tag","embeddable":true,"href":"https:\/\/stz.com.hr\/webshop\/wp-json\/wp\/v2\/product_tag?post=815"}],"curies":[{"name":"wp","href":"https:\/\/api.w.org\/{rel}","templated":true}]}}