{"id":812,"date":"2023-02-24T15:36:05","date_gmt":"2023-02-24T14:36:05","guid":{"rendered":"https:\/\/stz.com.hr\/webshop\/?post_type=product&#038;p=812"},"modified":"2023-03-08T15:53:39","modified_gmt":"2023-03-08T14:53:39","slug":"protuprovalna-centrala-sa-kucistem-dsc-hs2064nke","status":"publish","type":"product","link":"https:\/\/stz.com.hr\/webshop\/proizvod\/protuprovalna-centrala-sa-kucistem-dsc-hs2064nke\/","title":{"rendered":"PROTUPROVALNA CENTRALA SA KU\u0106I\u0160TEM DSC HS2064NKE"},"content":{"rendered":"<p>NEO HS2064 tiskana plo\u010dica,<\/p>\n<p><strong>8-64 <\/strong>\u017ei\u010dnih i be\u017ei\u010dnih zona, 4 PGM izlaza,<\/p>\n<p>do 8 tipkovnica, 8 particija<\/p>\n<p>NEO HS2064 sa velikim ku\u0107i\u0161tem PC5003C<\/p>\n","protected":false},"excerpt":{"rendered":"<p>Protuprovalna centrala sa ku\u0107i\u0161tem\u00a0 za 8 \u017ei\u010danih zona (pro\u0161irivo do 64) i 8 particija<\/p>\n","protected":false},"featured_media":880,"template":"","meta":[],"product_cat":[23,24],"product_tag":[],"class_list":["post-812","product","type-product","status-publish","has-post-thumbnail","hentry","product_cat-protuprovala","product_cat-alarmne-centrale"],"_links":{"self":[{"href":"https:\/\/stz.com.hr\/webshop\/wp-json\/wp\/v2\/product\/812","targetHints":{"allow":["GET"]}}],"collection":[{"href":"https:\/\/stz.com.hr\/webshop\/wp-json\/wp\/v2\/product"}],"about":[{"href":"https:\/\/stz.com.hr\/webshop\/wp-json\/wp\/v2\/types\/product"}],"wp:featuredmedia":[{"embeddable":true,"href":"https:\/\/stz.com.hr\/webshop\/wp-json\/wp\/v2\/media\/880"}],"wp:attachment":[{"href":"https:\/\/stz.com.hr\/webshop\/wp-json\/wp\/v2\/media?parent=812"}],"wp:term":[{"taxonomy":"product_cat","embeddable":true,"href":"https:\/\/stz.com.hr\/webshop\/wp-json\/wp\/v2\/product_cat?post=812"},{"taxonomy":"product_tag","embeddable":true,"href":"https:\/\/stz.com.hr\/webshop\/wp-json\/wp\/v2\/product_tag?post=812"}],"curies":[{"name":"wp","href":"https:\/\/api.w.org\/{rel}","templated":true}]}}