{"id":811,"date":"2023-02-24T15:22:45","date_gmt":"2023-02-24T14:22:45","guid":{"rendered":"https:\/\/stz.com.hr\/webshop\/?post_type=product&#038;p=811"},"modified":"2023-03-08T15:52:04","modified_gmt":"2023-03-08T14:52:04","slug":"protuprovalna-centrala-dsc-hs2064pcbe","status":"publish","type":"product","link":"https:\/\/stz.com.hr\/webshop\/proizvod\/protuprovalna-centrala-dsc-hs2064pcbe\/","title":{"rendered":"PROTUPROVALNA CENTRALA DSC HS2064PCBE"},"content":{"rendered":"<p>NEO HS2064 tiskana plo\u010dica,<\/p>\n<p><strong>8-64 <\/strong>\u017ei\u010dnih i be\u017ei\u010dnih zona, 4 PGM izlaza,<\/p>\n<p>do 8 tipkovnica, 8 particija<\/p>\n","protected":false},"excerpt":{"rendered":"<p>Protuprovalna centrala za 8 \u017ei\u010danih zona (pro\u0161irivo do 64) i 8 particija<\/p>\n","protected":false},"featured_media":873,"template":"","meta":[],"product_cat":[23,24],"product_tag":[],"class_list":["post-811","product","type-product","status-publish","has-post-thumbnail","hentry","product_cat-protuprovala","product_cat-alarmne-centrale"],"_links":{"self":[{"href":"https:\/\/stz.com.hr\/webshop\/wp-json\/wp\/v2\/product\/811","targetHints":{"allow":["GET"]}}],"collection":[{"href":"https:\/\/stz.com.hr\/webshop\/wp-json\/wp\/v2\/product"}],"about":[{"href":"https:\/\/stz.com.hr\/webshop\/wp-json\/wp\/v2\/types\/product"}],"wp:featuredmedia":[{"embeddable":true,"href":"https:\/\/stz.com.hr\/webshop\/wp-json\/wp\/v2\/media\/873"}],"wp:attachment":[{"href":"https:\/\/stz.com.hr\/webshop\/wp-json\/wp\/v2\/media?parent=811"}],"wp:term":[{"taxonomy":"product_cat","embeddable":true,"href":"https:\/\/stz.com.hr\/webshop\/wp-json\/wp\/v2\/product_cat?post=811"},{"taxonomy":"product_tag","embeddable":true,"href":"https:\/\/stz.com.hr\/webshop\/wp-json\/wp\/v2\/product_tag?post=811"}],"curies":[{"name":"wp","href":"https:\/\/api.w.org\/{rel}","templated":true}]}}