{"id":810,"date":"2023-02-24T15:21:18","date_gmt":"2023-02-24T14:21:18","guid":{"rendered":"https:\/\/stz.com.hr\/webshop\/?post_type=product&#038;p=810"},"modified":"2026-04-17T15:18:06","modified_gmt":"2026-04-17T13:18:06","slug":"protuprovalna-centrala-sa-kucistem-dsc-hs2032nke","status":"publish","type":"product","link":"https:\/\/stz.com.hr\/webshop\/proizvod\/protuprovalna-centrala-sa-kucistem-dsc-hs2032nke\/","title":{"rendered":"PROTUPROVALNA CENTRALA SA KU\u0106I\u0160TEM DSC HS2032NKE"},"content":{"rendered":"<p>NEO HS2032 tiskana plo\u010dica,<\/p>\n<p><strong>8-32 <\/strong>\u017ei\u010dnih i be\u017ei\u010dnih zona, 2 PGM izlaza,<\/p>\n<p>do 8 tipkovnica, 4 particije<\/p>\n<p>NEO HS2032 sa velikim ku\u0107i\u0161tem PC5003C<\/p>\n","protected":false},"excerpt":{"rendered":"<p>Protuprovalna centrala sa ku\u0107i\u0161tem za 8 \u017ei\u010danih zona (pro\u0161irivo do 32) i 4 particije<\/p>\n","protected":false},"featured_media":872,"template":"","meta":[],"product_cat":[23,24],"product_tag":[],"class_list":["post-810","product","type-product","status-publish","has-post-thumbnail","hentry","product_cat-protuprovala","product_cat-alarmne-centrale"],"_links":{"self":[{"href":"https:\/\/stz.com.hr\/webshop\/wp-json\/wp\/v2\/product\/810","targetHints":{"allow":["GET"]}}],"collection":[{"href":"https:\/\/stz.com.hr\/webshop\/wp-json\/wp\/v2\/product"}],"about":[{"href":"https:\/\/stz.com.hr\/webshop\/wp-json\/wp\/v2\/types\/product"}],"wp:featuredmedia":[{"embeddable":true,"href":"https:\/\/stz.com.hr\/webshop\/wp-json\/wp\/v2\/media\/872"}],"wp:attachment":[{"href":"https:\/\/stz.com.hr\/webshop\/wp-json\/wp\/v2\/media?parent=810"}],"wp:term":[{"taxonomy":"product_cat","embeddable":true,"href":"https:\/\/stz.com.hr\/webshop\/wp-json\/wp\/v2\/product_cat?post=810"},{"taxonomy":"product_tag","embeddable":true,"href":"https:\/\/stz.com.hr\/webshop\/wp-json\/wp\/v2\/product_tag?post=810"}],"curies":[{"name":"wp","href":"https:\/\/api.w.org\/{rel}","templated":true}]}}