{"id":808,"date":"2023-02-24T15:25:36","date_gmt":"2023-02-24T14:25:36","guid":{"rendered":"https:\/\/stz.com.hr\/webshop\/?post_type=product&#038;p=808"},"modified":"2023-03-08T15:52:29","modified_gmt":"2023-03-08T14:52:29","slug":"protuprovalna-centrala-sa-kucistem-dsc-hs2016nke","status":"publish","type":"product","link":"https:\/\/stz.com.hr\/webshop\/proizvod\/protuprovalna-centrala-sa-kucistem-dsc-hs2016nke\/","title":{"rendered":"PROTUPROVALNA CENTRALA SA KU\u0106I\u0160TEM DSC HS2016NKE"},"content":{"rendered":"<p>NEO HS2016 tiskana plo\u010dica,<\/p>\n<p><strong>6-16 <\/strong>\u017ei\u010dnih i be\u017ei\u010dnih zona, 2 PGM izlaza,<\/p>\n<p>do 8 tipkovnica, 2 particije<\/p>\n<p>NEO HS2016 sa velikim ku\u0107i\u0161tem PC5003C<\/p>\n","protected":false},"excerpt":{"rendered":"<p>Protuprovalana centrala sa ku\u0107i\u0161tem za 6 \u017ei\u010danih zona (pro\u0161irivo do 16) i 2 particije<\/p>\n","protected":false},"featured_media":112,"template":"","meta":[],"product_cat":[23,24],"product_tag":[],"class_list":["post-808","product","type-product","status-publish","has-post-thumbnail","hentry","product_cat-protuprovala","product_cat-alarmne-centrale"],"_links":{"self":[{"href":"https:\/\/stz.com.hr\/webshop\/wp-json\/wp\/v2\/product\/808","targetHints":{"allow":["GET"]}}],"collection":[{"href":"https:\/\/stz.com.hr\/webshop\/wp-json\/wp\/v2\/product"}],"about":[{"href":"https:\/\/stz.com.hr\/webshop\/wp-json\/wp\/v2\/types\/product"}],"wp:featuredmedia":[{"embeddable":true,"href":"https:\/\/stz.com.hr\/webshop\/wp-json\/wp\/v2\/media\/112"}],"wp:attachment":[{"href":"https:\/\/stz.com.hr\/webshop\/wp-json\/wp\/v2\/media?parent=808"}],"wp:term":[{"taxonomy":"product_cat","embeddable":true,"href":"https:\/\/stz.com.hr\/webshop\/wp-json\/wp\/v2\/product_cat?post=808"},{"taxonomy":"product_tag","embeddable":true,"href":"https:\/\/stz.com.hr\/webshop\/wp-json\/wp\/v2\/product_tag?post=808"}],"curies":[{"name":"wp","href":"https:\/\/api.w.org\/{rel}","templated":true}]}}