{"id":807,"date":"2023-02-24T15:29:15","date_gmt":"2023-02-24T14:29:15","guid":{"rendered":"https:\/\/stz.com.hr\/webshop\/?post_type=product&#038;p=807"},"modified":"2023-03-13T13:38:12","modified_gmt":"2023-03-13T12:38:12","slug":"protuprovalna-centrala-dsc-hs2016pcbe","status":"publish","type":"product","link":"https:\/\/stz.com.hr\/webshop\/proizvod\/protuprovalna-centrala-dsc-hs2016pcbe\/","title":{"rendered":"PROTUPROVALNA CENTRALA DSC HS2016PCBE"},"content":{"rendered":"<p>NEO HS2016 tiskana plo\u010dica,<\/p>\n<p><strong>6-16 <\/strong>\u017ei\u010dnih i be\u017ei\u010dnih zona,2 PGM izlaza,<\/p>\n<p>do 8 tipkovnica, 2 particije<\/p>\n","protected":false},"excerpt":{"rendered":"<p>Protuprovalna centrala sa 6 \u017ei\u010danih zona (pro\u0161irivo do 16) i 2 particije<\/p>\n","protected":false},"featured_media":1487,"template":"","meta":[],"product_cat":[23,24],"product_tag":[],"class_list":["post-807","product","type-product","status-publish","has-post-thumbnail","hentry","product_cat-protuprovala","product_cat-alarmne-centrale"],"_links":{"self":[{"href":"https:\/\/stz.com.hr\/webshop\/wp-json\/wp\/v2\/product\/807","targetHints":{"allow":["GET"]}}],"collection":[{"href":"https:\/\/stz.com.hr\/webshop\/wp-json\/wp\/v2\/product"}],"about":[{"href":"https:\/\/stz.com.hr\/webshop\/wp-json\/wp\/v2\/types\/product"}],"wp:featuredmedia":[{"embeddable":true,"href":"https:\/\/stz.com.hr\/webshop\/wp-json\/wp\/v2\/media\/1487"}],"wp:attachment":[{"href":"https:\/\/stz.com.hr\/webshop\/wp-json\/wp\/v2\/media?parent=807"}],"wp:term":[{"taxonomy":"product_cat","embeddable":true,"href":"https:\/\/stz.com.hr\/webshop\/wp-json\/wp\/v2\/product_cat?post=807"},{"taxonomy":"product_tag","embeddable":true,"href":"https:\/\/stz.com.hr\/webshop\/wp-json\/wp\/v2\/product_tag?post=807"}],"curies":[{"name":"wp","href":"https:\/\/api.w.org\/{rel}","templated":true}]}}