{"id":687,"date":"2023-02-23T09:01:09","date_gmt":"2023-02-23T08:01:09","guid":{"rendered":"https:\/\/stz.com.hr\/webshop\/?post_type=product&#038;p=687"},"modified":"2024-03-08T10:24:24","modified_gmt":"2024-03-08T09:24:24","slug":"pojacivac-signala-ds-pr1-we","status":"publish","type":"product","link":"https:\/\/stz.com.hr\/webshop\/proizvod\/pojacivac-signala-ds-pr1-we\/","title":{"rendered":"POJA\u010cIVA\u010c SIGNALA HIKVISION DS-PR1-WE"},"content":{"rendered":"<p>Be\u017ei\u010dni poja\u010diva\u010d signala,<\/p>\n<p>dvosmjerna 868MHz komunikacija,<\/p>\n<p>prijenos signala na otvorenom prostoru 1.6km,<\/p>\n<p>napajanje 100-240 VAC,<\/p>\n<p>ugra\u0111ena baterija do 35 sati<\/p>\n","protected":false},"excerpt":{"rendered":"<p>Be\u017ei\u010dni poja\u010diva\u010d signala<\/p>\n","protected":false},"featured_media":737,"template":"","meta":[],"product_cat":[23,31],"product_tag":[],"class_list":["post-687","product","type-product","status-publish","has-post-thumbnail","hentry","product_cat-protuprovala","product_cat-pribor-protuprovala"],"_links":{"self":[{"href":"https:\/\/stz.com.hr\/webshop\/wp-json\/wp\/v2\/product\/687","targetHints":{"allow":["GET"]}}],"collection":[{"href":"https:\/\/stz.com.hr\/webshop\/wp-json\/wp\/v2\/product"}],"about":[{"href":"https:\/\/stz.com.hr\/webshop\/wp-json\/wp\/v2\/types\/product"}],"wp:featuredmedia":[{"embeddable":true,"href":"https:\/\/stz.com.hr\/webshop\/wp-json\/wp\/v2\/media\/737"}],"wp:attachment":[{"href":"https:\/\/stz.com.hr\/webshop\/wp-json\/wp\/v2\/media?parent=687"}],"wp:term":[{"taxonomy":"product_cat","embeddable":true,"href":"https:\/\/stz.com.hr\/webshop\/wp-json\/wp\/v2\/product_cat?post=687"},{"taxonomy":"product_tag","embeddable":true,"href":"https:\/\/stz.com.hr\/webshop\/wp-json\/wp\/v2\/product_tag?post=687"}],"curies":[{"name":"wp","href":"https:\/\/api.w.org\/{rel}","templated":true}]}}