{"id":681,"date":"2023-02-23T09:19:10","date_gmt":"2023-02-23T08:19:10","guid":{"rendered":"https:\/\/stz.com.hr\/webshop\/?post_type=product&#038;p=681"},"modified":"2024-09-02T12:46:47","modified_gmt":"2024-09-02T10:46:47","slug":"detektor-ds-pdtph-e-we","status":"publish","type":"product","link":"https:\/\/stz.com.hr\/webshop\/proizvod\/detektor-ds-pdtph-e-we\/","title":{"rendered":"DETEKTOR HIKVISION DS-PDTPH-E-WE"},"content":{"rendered":"<p>Be\u017ei\u010dni detektor temperature i vla\u017enosti,<\/p>\n<p>dvosmjerna 868MHz komunikacija,<\/p>\n<p>tamper front + rear,<\/p>\n<p>-10\u00b0 do 55\u00b0,<\/p>\n<p>indoor, AAA x2<\/p>\n","protected":false},"excerpt":{"rendered":"<p>Be\u017ei\u010dni detektor temperature i vla\u017enosti<\/p>\n","protected":false},"featured_media":743,"template":"","meta":[],"product_cat":[23,26],"product_tag":[],"class_list":["post-681","product","type-product","status-publish","has-post-thumbnail","hentry","product_cat-protuprovala","product_cat-detektori-pokreta"],"_links":{"self":[{"href":"https:\/\/stz.com.hr\/webshop\/wp-json\/wp\/v2\/product\/681","targetHints":{"allow":["GET"]}}],"collection":[{"href":"https:\/\/stz.com.hr\/webshop\/wp-json\/wp\/v2\/product"}],"about":[{"href":"https:\/\/stz.com.hr\/webshop\/wp-json\/wp\/v2\/types\/product"}],"wp:featuredmedia":[{"embeddable":true,"href":"https:\/\/stz.com.hr\/webshop\/wp-json\/wp\/v2\/media\/743"}],"wp:attachment":[{"href":"https:\/\/stz.com.hr\/webshop\/wp-json\/wp\/v2\/media?parent=681"}],"wp:term":[{"taxonomy":"product_cat","embeddable":true,"href":"https:\/\/stz.com.hr\/webshop\/wp-json\/wp\/v2\/product_cat?post=681"},{"taxonomy":"product_tag","embeddable":true,"href":"https:\/\/stz.com.hr\/webshop\/wp-json\/wp\/v2\/product_tag?post=681"}],"curies":[{"name":"wp","href":"https:\/\/api.w.org\/{rel}","templated":true}]}}