{"id":666,"date":"2023-02-23T12:19:13","date_gmt":"2023-02-23T11:19:13","guid":{"rendered":"https:\/\/stz.com.hr\/webshop\/?post_type=product&#038;p=666"},"modified":"2026-02-09T09:27:57","modified_gmt":"2026-02-09T08:27:57","slug":"bezicni-alarm-ds-pwa64-kit-we","status":"publish","type":"product","link":"https:\/\/stz.com.hr\/webshop\/proizvod\/bezicni-alarm-ds-pwa64-kit-we\/","title":{"rendered":"BE\u017dI\u010cNI ALARM HIKVISION DS-PWA64-Kit-WE"},"content":{"rendered":"<p>Be\u017ei\u010dni alarmni kit,<\/p>\n<p>1x DS-PWA64-L-WE,<\/p>\n<p>1x DS-PKF1-WE,<\/p>\n<p>1x DS-PDP15P-EG2-WE,<\/p>\n<p>1x DS- PDMC-EG2-WE<\/p>\n","protected":false},"excerpt":{"rendered":"<p>Be\u017ei\u010dni alarm 2 generacije<\/p>\n","protected":false},"featured_media":792,"template":"","meta":[],"product_cat":[24],"product_tag":[],"class_list":["post-666","product","type-product","status-publish","has-post-thumbnail","hentry","product_cat-alarmne-centrale"],"_links":{"self":[{"href":"https:\/\/stz.com.hr\/webshop\/wp-json\/wp\/v2\/product\/666","targetHints":{"allow":["GET"]}}],"collection":[{"href":"https:\/\/stz.com.hr\/webshop\/wp-json\/wp\/v2\/product"}],"about":[{"href":"https:\/\/stz.com.hr\/webshop\/wp-json\/wp\/v2\/types\/product"}],"wp:featuredmedia":[{"embeddable":true,"href":"https:\/\/stz.com.hr\/webshop\/wp-json\/wp\/v2\/media\/792"}],"wp:attachment":[{"href":"https:\/\/stz.com.hr\/webshop\/wp-json\/wp\/v2\/media?parent=666"}],"wp:term":[{"taxonomy":"product_cat","embeddable":true,"href":"https:\/\/stz.com.hr\/webshop\/wp-json\/wp\/v2\/product_cat?post=666"},{"taxonomy":"product_tag","embeddable":true,"href":"https:\/\/stz.com.hr\/webshop\/wp-json\/wp\/v2\/product_tag?post=666"}],"curies":[{"name":"wp","href":"https:\/\/api.w.org\/{rel}","templated":true}]}}