{"id":661,"date":"2023-02-22T09:48:25","date_gmt":"2023-02-22T08:48:25","guid":{"rendered":"https:\/\/stz.com.hr\/webshop\/?post_type=product&#038;p=661"},"modified":"2024-09-02T13:43:39","modified_gmt":"2024-09-02T11:43:39","slug":"pretvarac-video-audio-signala-hikvision-ds-kad706","status":"publish","type":"product","link":"https:\/\/stz.com.hr\/webshop\/proizvod\/pretvarac-video-audio-signala-hikvision-ds-kad706\/","title":{"rendered":"PRETVARA\u010c VIDEO\/AUDIO SIGNALA HIKVISION DS-KAD706"},"content":{"rendered":"<p>Distributer\/pretvara\u010d video\/audio signala za sustave do 89 jedinica,<\/p>\n<p>6 dvo\u017ei\u010dnih kanala + 2 za pro\u0161irenje,<\/p>\n<p>napajanje 24 VDC,<\/p>\n<p>112.2 x 111 x 66mm<\/p>\n","protected":false},"excerpt":{"rendered":"<p>Distributer\/pretvara\u010d video\/audio signala za sustave do 89 unutarnjih jedinica.<\/p>\n","protected":false},"featured_media":1351,"template":"","meta":[],"product_cat":[48,51],"product_tag":[],"class_list":["post-661","product","type-product","status-publish","has-post-thumbnail","hentry","product_cat-parlafonija","product_cat-moduli-pribor"],"_links":{"self":[{"href":"https:\/\/stz.com.hr\/webshop\/wp-json\/wp\/v2\/product\/661","targetHints":{"allow":["GET"]}}],"collection":[{"href":"https:\/\/stz.com.hr\/webshop\/wp-json\/wp\/v2\/product"}],"about":[{"href":"https:\/\/stz.com.hr\/webshop\/wp-json\/wp\/v2\/types\/product"}],"wp:featuredmedia":[{"embeddable":true,"href":"https:\/\/stz.com.hr\/webshop\/wp-json\/wp\/v2\/media\/1351"}],"wp:attachment":[{"href":"https:\/\/stz.com.hr\/webshop\/wp-json\/wp\/v2\/media?parent=661"}],"wp:term":[{"taxonomy":"product_cat","embeddable":true,"href":"https:\/\/stz.com.hr\/webshop\/wp-json\/wp\/v2\/product_cat?post=661"},{"taxonomy":"product_tag","embeddable":true,"href":"https:\/\/stz.com.hr\/webshop\/wp-json\/wp\/v2\/product_tag?post=661"}],"curies":[{"name":"wp","href":"https:\/\/api.w.org\/{rel}","templated":true}]}}