{"id":660,"date":"2023-02-22T09:46:36","date_gmt":"2023-02-22T08:46:36","guid":{"rendered":"https:\/\/stz.com.hr\/webshop\/?post_type=product&#038;p=660"},"modified":"2023-04-04T19:07:55","modified_gmt":"2023-04-04T17:07:55","slug":"unutarnja-interfonska-jedinica-hikvision-ds-kh6320-wte2-w","status":"publish","type":"product","link":"https:\/\/stz.com.hr\/webshop\/proizvod\/unutarnja-interfonska-jedinica-hikvision-ds-kh6320-wte2-w\/","title":{"rendered":"UNUTARNJA INTERFONSKA JEDINICA HIKVISION DS-KH6320-WTE2-W"},"content":{"rendered":"<p>Monitor 7\u201c sa TFT LCD dodirnim zaslonom 1024&#215;600,<\/p>\n<p>dvo\u017ei\u010dno su\u010delje,<\/p>\n<p>10\/100Mbps,<\/p>\n<p>TCP\/IP,<\/p>\n<p>RTSP,<\/p>\n<p>Wi-Fi 802.11b\/g\/n,<\/p>\n<p>Linux operativni sustav,<\/p>\n<p>8x alarmni ulaz,<\/p>\n<p>2x relay izlaza,<\/p>\n<p>zvu\u010dnik + mikrofon,<\/p>\n<p>napajanje dvo\u017eilno sa KAD-706,<\/p>\n<p>128MB,<\/p>\n<p>TF kartica do 32G,<\/p>\n<p>200 \u00d7 140 \u00d7 15.1mm<\/p>\n","protected":false},"excerpt":{"rendered":"<p>Unutarnja interfonska jednica sa 7 in\u010dnim TFT dodirnim zaslonom, dvo\u017eilna komunikacija.<\/p>\n","protected":false},"featured_media":1484,"template":"","meta":[],"product_cat":[48,49],"product_tag":[],"class_list":["post-660","product","type-product","status-publish","has-post-thumbnail","hentry","product_cat-parlafonija","product_cat-unutarnje-jedinice"],"_links":{"self":[{"href":"https:\/\/stz.com.hr\/webshop\/wp-json\/wp\/v2\/product\/660","targetHints":{"allow":["GET"]}}],"collection":[{"href":"https:\/\/stz.com.hr\/webshop\/wp-json\/wp\/v2\/product"}],"about":[{"href":"https:\/\/stz.com.hr\/webshop\/wp-json\/wp\/v2\/types\/product"}],"wp:featuredmedia":[{"embeddable":true,"href":"https:\/\/stz.com.hr\/webshop\/wp-json\/wp\/v2\/media\/1484"}],"wp:attachment":[{"href":"https:\/\/stz.com.hr\/webshop\/wp-json\/wp\/v2\/media?parent=660"}],"wp:term":[{"taxonomy":"product_cat","embeddable":true,"href":"https:\/\/stz.com.hr\/webshop\/wp-json\/wp\/v2\/product_cat?post=660"},{"taxonomy":"product_tag","embeddable":true,"href":"https:\/\/stz.com.hr\/webshop\/wp-json\/wp\/v2\/product_tag?post=660"}],"curies":[{"name":"wp","href":"https:\/\/api.w.org\/{rel}","templated":true}]}}