{"id":657,"date":"2023-02-22T09:40:34","date_gmt":"2023-02-22T08:40:34","guid":{"rendered":"https:\/\/stz.com.hr\/webshop\/?post_type=product&#038;p=657"},"modified":"2023-04-04T19:08:54","modified_gmt":"2023-04-04T17:08:54","slug":"kuciste-nadzbukno-hikvision-ds-kabv8113-rs-s","status":"publish","type":"product","link":"https:\/\/stz.com.hr\/webshop\/proizvod\/kuciste-nadzbukno-hikvision-ds-kabv8113-rs-s\/","title":{"rendered":"KU\u0106I\u0160TE NAD\u017dBUKNO HIKVISION DS-KABV8113-RS\/S"},"content":{"rendered":"<p>Za\u0161titno nad\u017ebukno ku\u0107i\u0161te za villa door vanjske jedinice,<\/p>\n<p>aluminij,<\/p>\n<p>189 x 97 x 49mm<\/p>\n","protected":false},"excerpt":{"rendered":"<p>Za\u0161titno nad\u017ebukno ku\u0107i\u0161te za villa door vanjske jedinice.<\/p>\n","protected":false},"featured_media":1347,"template":"","meta":[],"product_cat":[48,51],"product_tag":[],"class_list":["post-657","product","type-product","status-publish","has-post-thumbnail","hentry","product_cat-parlafonija","product_cat-moduli-pribor"],"_links":{"self":[{"href":"https:\/\/stz.com.hr\/webshop\/wp-json\/wp\/v2\/product\/657","targetHints":{"allow":["GET"]}}],"collection":[{"href":"https:\/\/stz.com.hr\/webshop\/wp-json\/wp\/v2\/product"}],"about":[{"href":"https:\/\/stz.com.hr\/webshop\/wp-json\/wp\/v2\/types\/product"}],"wp:featuredmedia":[{"embeddable":true,"href":"https:\/\/stz.com.hr\/webshop\/wp-json\/wp\/v2\/media\/1347"}],"wp:attachment":[{"href":"https:\/\/stz.com.hr\/webshop\/wp-json\/wp\/v2\/media?parent=657"}],"wp:term":[{"taxonomy":"product_cat","embeddable":true,"href":"https:\/\/stz.com.hr\/webshop\/wp-json\/wp\/v2\/product_cat?post=657"},{"taxonomy":"product_tag","embeddable":true,"href":"https:\/\/stz.com.hr\/webshop\/wp-json\/wp\/v2\/product_tag?post=657"}],"curies":[{"name":"wp","href":"https:\/\/api.w.org\/{rel}","templated":true}]}}