{"id":656,"date":"2023-02-22T09:38:49","date_gmt":"2023-02-22T08:38:49","guid":{"rendered":"https:\/\/stz.com.hr\/webshop\/?post_type=product&#038;p=656"},"modified":"2023-04-04T19:09:13","modified_gmt":"2023-04-04T17:09:13","slug":"kuciste-podzbukno-hikvision-ds-kabv8113-rs-f","status":"publish","type":"product","link":"https:\/\/stz.com.hr\/webshop\/proizvod\/kuciste-podzbukno-hikvision-ds-kabv8113-rs-f\/","title":{"rendered":"KU\u0106I\u0160TE POD\u017dBUKNO HIKVISION DS-KABV8113-RS\/F"},"content":{"rendered":"<p>Za\u0161titno pod\u017ebukno ku\u0107i\u0161te za villa door vanjske jedinice,<\/p>\n<p>aluminij,<\/p>\n<p>186 x 97 x 31mm<\/p>\n","protected":false},"excerpt":{"rendered":"<p>Za\u0161titno pod\u017ebukno ku\u0107i\u0161te za villa door vanjske jedinice.<\/p>\n","protected":false},"featured_media":1346,"template":"","meta":[],"product_cat":[48,51],"product_tag":[],"class_list":["post-656","product","type-product","status-publish","has-post-thumbnail","hentry","product_cat-parlafonija","product_cat-moduli-pribor"],"_links":{"self":[{"href":"https:\/\/stz.com.hr\/webshop\/wp-json\/wp\/v2\/product\/656","targetHints":{"allow":["GET"]}}],"collection":[{"href":"https:\/\/stz.com.hr\/webshop\/wp-json\/wp\/v2\/product"}],"about":[{"href":"https:\/\/stz.com.hr\/webshop\/wp-json\/wp\/v2\/types\/product"}],"wp:featuredmedia":[{"embeddable":true,"href":"https:\/\/stz.com.hr\/webshop\/wp-json\/wp\/v2\/media\/1346"}],"wp:attachment":[{"href":"https:\/\/stz.com.hr\/webshop\/wp-json\/wp\/v2\/media?parent=656"}],"wp:term":[{"taxonomy":"product_cat","embeddable":true,"href":"https:\/\/stz.com.hr\/webshop\/wp-json\/wp\/v2\/product_cat?post=656"},{"taxonomy":"product_tag","embeddable":true,"href":"https:\/\/stz.com.hr\/webshop\/wp-json\/wp\/v2\/product_tag?post=656"}],"curies":[{"name":"wp","href":"https:\/\/api.w.org\/{rel}","templated":true}]}}