{"id":654,"date":"2023-02-22T09:35:08","date_gmt":"2023-02-22T08:35:08","guid":{"rendered":"https:\/\/stz.com.hr\/webshop\/?post_type=product&#038;p=654"},"modified":"2026-02-09T15:00:49","modified_gmt":"2026-02-09T14:00:49","slug":"vanjska-portafonska-jedinica-hikvision-ds-kv8213-wme1-f","status":"publish","type":"product","link":"https:\/\/stz.com.hr\/webshop\/proizvod\/vanjska-portafonska-jedinica-hikvision-ds-kv8213-wme1-f\/","title":{"rendered":"VANJSKA PORTAFONSKA JEDINICA HIKVISION DS-KV8213-WME1\/F"},"content":{"rendered":"<p>Vanjska portafonska jedinica sa dvije pozivne tipke,<\/p>\n<p>ugra\u0111enim \u010dita\u010dem MIFARE kartica i 2 izlaza za bravu,<\/p>\n<p>2 MP kolor kamera,<\/p>\n<p>IR 3m,<\/p>\n<p>IP65,<\/p>\n<p>IK08,<\/p>\n<p>10M\/100M,<\/p>\n<p>WiFi,<\/p>\n<p>RS-485,<\/p>\n<p>PoE,<\/p>\n<p>12 VDC,<\/p>\n<p>pod\u017ebukna ugradnja,<\/p>\n<p>174 \u00d7 91 \u00d7 29mm<\/p>\n","protected":false},"excerpt":{"rendered":"<p>Vanjska portafonska jedinica sa dvije pozivne tipke, ugra\u0111enim \u010dita\u010dem kartica i 2 izlaza za bravu.<\/p>\n","protected":false},"featured_media":1344,"template":"","meta":[],"product_cat":[48,50],"product_tag":[],"class_list":["post-654","product","type-product","status-publish","has-post-thumbnail","hentry","product_cat-parlafonija","product_cat-vanjske-jedinice"],"_links":{"self":[{"href":"https:\/\/stz.com.hr\/webshop\/wp-json\/wp\/v2\/product\/654","targetHints":{"allow":["GET"]}}],"collection":[{"href":"https:\/\/stz.com.hr\/webshop\/wp-json\/wp\/v2\/product"}],"about":[{"href":"https:\/\/stz.com.hr\/webshop\/wp-json\/wp\/v2\/types\/product"}],"wp:featuredmedia":[{"embeddable":true,"href":"https:\/\/stz.com.hr\/webshop\/wp-json\/wp\/v2\/media\/1344"}],"wp:attachment":[{"href":"https:\/\/stz.com.hr\/webshop\/wp-json\/wp\/v2\/media?parent=654"}],"wp:term":[{"taxonomy":"product_cat","embeddable":true,"href":"https:\/\/stz.com.hr\/webshop\/wp-json\/wp\/v2\/product_cat?post=654"},{"taxonomy":"product_tag","embeddable":true,"href":"https:\/\/stz.com.hr\/webshop\/wp-json\/wp\/v2\/product_tag?post=654"}],"curies":[{"name":"wp","href":"https:\/\/api.w.org\/{rel}","templated":true}]}}