{"id":635,"date":"2023-02-21T12:24:13","date_gmt":"2023-02-21T11:24:13","guid":{"rendered":"https:\/\/stz.com.hr\/webshop\/?post_type=product&#038;p=635"},"modified":"2026-02-09T15:05:08","modified_gmt":"2026-02-09T14:05:08","slug":"vanjska-portafonska-jedinica-hikvision-ds-kv8113-wme1-s","status":"publish","type":"product","link":"https:\/\/stz.com.hr\/webshop\/proizvod\/vanjska-portafonska-jedinica-hikvision-ds-kv8113-wme1-s\/","title":{"rendered":"VANJSKA PORTAFONSKA JEDINICA HIKVISION DS-KV8113-WME1\/S"},"content":{"rendered":"<p>Vanjska portafonska jedinica sa jednom pozivnom tipkom,<\/p>\n<p>ugra\u0111enim \u010dita\u010dem MIFARE kartica i 2 izlaza za bravu,<\/p>\n<p>2 MP kolor kamera,<\/p>\n<p>IR 3m,<\/p>\n<p>IP65,<\/p>\n<p>IK08,<\/p>\n<p>10M\/100M,<\/p>\n<p>WiFi,<\/p>\n<p>RS-485,<\/p>\n<p>PoE,<\/p>\n<p>12 VDC,<\/p>\n<p>nad\u017ebukna ugradnja,<\/p>\n<p>174 \u00d7 91 \u00d7 29mm<\/p>\n","protected":false},"excerpt":{"rendered":"<p>Vanjska portafonska jedinica sa jednom pozivnom tipkom, ugra\u0111enim \u010dita\u010dem kartica i 2 izlaza za bravu.<\/p>\n","protected":false},"featured_media":1340,"template":"","meta":[],"product_cat":[48,50],"product_tag":[],"class_list":["post-635","product","type-product","status-publish","has-post-thumbnail","hentry","product_cat-parlafonija","product_cat-vanjske-jedinice"],"_links":{"self":[{"href":"https:\/\/stz.com.hr\/webshop\/wp-json\/wp\/v2\/product\/635","targetHints":{"allow":["GET"]}}],"collection":[{"href":"https:\/\/stz.com.hr\/webshop\/wp-json\/wp\/v2\/product"}],"about":[{"href":"https:\/\/stz.com.hr\/webshop\/wp-json\/wp\/v2\/types\/product"}],"wp:featuredmedia":[{"embeddable":true,"href":"https:\/\/stz.com.hr\/webshop\/wp-json\/wp\/v2\/media\/1340"}],"wp:attachment":[{"href":"https:\/\/stz.com.hr\/webshop\/wp-json\/wp\/v2\/media?parent=635"}],"wp:term":[{"taxonomy":"product_cat","embeddable":true,"href":"https:\/\/stz.com.hr\/webshop\/wp-json\/wp\/v2\/product_cat?post=635"},{"taxonomy":"product_tag","embeddable":true,"href":"https:\/\/stz.com.hr\/webshop\/wp-json\/wp\/v2\/product_tag?post=635"}],"curies":[{"name":"wp","href":"https:\/\/api.w.org\/{rel}","templated":true}]}}