{"id":634,"date":"2023-02-21T12:22:04","date_gmt":"2023-02-21T11:22:04","guid":{"rendered":"https:\/\/stz.com.hr\/webshop\/?post_type=product&#038;p=634"},"modified":"2023-04-04T19:11:17","modified_gmt":"2023-04-04T17:11:17","slug":"kuciste-hikvision-ds-kabv6113-rs","status":"publish","type":"product","link":"https:\/\/stz.com.hr\/webshop\/proizvod\/kuciste-hikvision-ds-kabv6113-rs\/","title":{"rendered":"KU\u0106I\u0160TE HIKVISION DS-KABV6113-RS"},"content":{"rendered":"<p>Za\u0161titno ku\u0107i\u0161te za KV6103\/6113,<\/p>\n<p>nad\u017ebukno,<\/p>\n<p>149,78 \u00d7 79,56 \u00d7 48,63mm<\/p>\n","protected":false},"excerpt":{"rendered":"<p>Za\u0161titno ku\u0107i\u0161te za nad\u017ebuknu monta\u017eu panela<\/p>\n","protected":false},"featured_media":1339,"template":"","meta":[],"product_cat":[48,51],"product_tag":[],"class_list":["post-634","product","type-product","status-publish","has-post-thumbnail","hentry","product_cat-parlafonija","product_cat-moduli-pribor"],"_links":{"self":[{"href":"https:\/\/stz.com.hr\/webshop\/wp-json\/wp\/v2\/product\/634","targetHints":{"allow":["GET"]}}],"collection":[{"href":"https:\/\/stz.com.hr\/webshop\/wp-json\/wp\/v2\/product"}],"about":[{"href":"https:\/\/stz.com.hr\/webshop\/wp-json\/wp\/v2\/types\/product"}],"wp:featuredmedia":[{"embeddable":true,"href":"https:\/\/stz.com.hr\/webshop\/wp-json\/wp\/v2\/media\/1339"}],"wp:attachment":[{"href":"https:\/\/stz.com.hr\/webshop\/wp-json\/wp\/v2\/media?parent=634"}],"wp:term":[{"taxonomy":"product_cat","embeddable":true,"href":"https:\/\/stz.com.hr\/webshop\/wp-json\/wp\/v2\/product_cat?post=634"},{"taxonomy":"product_tag","embeddable":true,"href":"https:\/\/stz.com.hr\/webshop\/wp-json\/wp\/v2\/product_tag?post=634"}],"curies":[{"name":"wp","href":"https:\/\/api.w.org\/{rel}","templated":true}]}}