{"id":621,"date":"2023-02-21T12:01:38","date_gmt":"2023-02-21T11:01:38","guid":{"rendered":"https:\/\/stz.com.hr\/webshop\/?post_type=product&#038;p=621"},"modified":"2026-02-09T15:13:30","modified_gmt":"2026-02-09T14:13:30","slug":"kuciste-hikvision-ds-kabd8003-rs2","status":"publish","type":"product","link":"https:\/\/stz.com.hr\/webshop\/proizvod\/kuciste-hikvision-ds-kabd8003-rs2\/","title":{"rendered":"KU\u0106I\u0160TE HIKVISION DS-KABD8003-RS2"},"content":{"rendered":"<p>Za\u0161titno ku\u0107i\u0161te za DS-KD8003 ili DS-KD8003-IME2,<\/p>\n<p>aluminij,<\/p>\n<p>nad\u017ebukno,<\/p>\n<p>224 \u00d7 116.4 \u00d7 58mm<\/p>\n","protected":false},"excerpt":{"rendered":"<p>Za\u0161titno ku\u0107i\u0161te za 2 modula za DS-KD8003 ili DS-KD8003-IME2.<\/p>\n","protected":false},"featured_media":1329,"template":"","meta":[],"product_cat":[48,51],"product_tag":[],"class_list":["post-621","product","type-product","status-publish","has-post-thumbnail","hentry","product_cat-parlafonija","product_cat-moduli-pribor"],"_links":{"self":[{"href":"https:\/\/stz.com.hr\/webshop\/wp-json\/wp\/v2\/product\/621","targetHints":{"allow":["GET"]}}],"collection":[{"href":"https:\/\/stz.com.hr\/webshop\/wp-json\/wp\/v2\/product"}],"about":[{"href":"https:\/\/stz.com.hr\/webshop\/wp-json\/wp\/v2\/types\/product"}],"wp:featuredmedia":[{"embeddable":true,"href":"https:\/\/stz.com.hr\/webshop\/wp-json\/wp\/v2\/media\/1329"}],"wp:attachment":[{"href":"https:\/\/stz.com.hr\/webshop\/wp-json\/wp\/v2\/media?parent=621"}],"wp:term":[{"taxonomy":"product_cat","embeddable":true,"href":"https:\/\/stz.com.hr\/webshop\/wp-json\/wp\/v2\/product_cat?post=621"},{"taxonomy":"product_tag","embeddable":true,"href":"https:\/\/stz.com.hr\/webshop\/wp-json\/wp\/v2\/product_tag?post=621"}],"curies":[{"name":"wp","href":"https:\/\/api.w.org\/{rel}","templated":true}]}}