{"id":545,"date":"2023-02-20T12:38:19","date_gmt":"2023-02-20T11:38:19","guid":{"rendered":"https:\/\/stz.com.hr\/webshop\/?post_type=product&#038;p=545"},"modified":"2023-10-25T11:34:56","modified_gmt":"2023-10-25T09:34:56","slug":"ajax-hub2-wh","status":"publish","type":"product","link":"https:\/\/stz.com.hr\/webshop\/proizvod\/ajax-hub2-wh\/","title":{"rendered":"AJAX Hub2 WH"},"content":{"rendered":"<p>Tehnologija: Be\u017ei\u010dna<\/p>\n<p>Be\u017ei\u010dna frekvencija: 868Mhz<\/p>\n<p>Izvedba: Modularna<\/p>\n<p>Broj ugra\u0111enih be\u017ei\u010dnih zona \/ Max broj zona \u2013 ukupno : 99<\/p>\n<p>Automatsko prijavljivanje be\u017ei\u010dnih ure\u0111aja: putem QR koda<\/p>\n<p>Ukupan broj particija: 9<\/p>\n<p>Ukupan broj pristupnih \u0161ifri: 50 (smartphone aplikacija)<\/p>\n<p>Max pro\u0161irivo be\u017ei\u010dne zone \/ Ukupan broj daljinskih upravlja\u010da \/ Ukupan broj be\u017ei\u010dnih tipkovnica \u2013 2 way:\u00a0 99\/99\/99<\/p>\n<p>Stupanj sigurnosti: Grade 2 (EN50131-1)<\/p>\n<p>Napajanje glavno: 220VAC<\/p>\n<p>Napajanje pomo\u0107no \u2013 baterija: Li-ion 2Ah (ugra\u0111eno)<\/p>\n<p>Integracija IP kamera\/snima\u010da: 25<\/p>\n<p>Smarthome scenariji: 32<\/p>\n<p>Dimenzije: 162,7 x 162,7 x 35,9 mm<\/p>\n","protected":false},"excerpt":{"rendered":"<p>Be\u017ei\u010dna alarmna centrala<\/p>\n","protected":false},"featured_media":550,"template":"","meta":[],"product_cat":[23,24],"product_tag":[],"class_list":["post-545","product","type-product","status-publish","has-post-thumbnail","hentry","product_cat-protuprovala","product_cat-alarmne-centrale"],"_links":{"self":[{"href":"https:\/\/stz.com.hr\/webshop\/wp-json\/wp\/v2\/product\/545","targetHints":{"allow":["GET"]}}],"collection":[{"href":"https:\/\/stz.com.hr\/webshop\/wp-json\/wp\/v2\/product"}],"about":[{"href":"https:\/\/stz.com.hr\/webshop\/wp-json\/wp\/v2\/types\/product"}],"wp:featuredmedia":[{"embeddable":true,"href":"https:\/\/stz.com.hr\/webshop\/wp-json\/wp\/v2\/media\/550"}],"wp:attachment":[{"href":"https:\/\/stz.com.hr\/webshop\/wp-json\/wp\/v2\/media?parent=545"}],"wp:term":[{"taxonomy":"product_cat","embeddable":true,"href":"https:\/\/stz.com.hr\/webshop\/wp-json\/wp\/v2\/product_cat?post=545"},{"taxonomy":"product_tag","embeddable":true,"href":"https:\/\/stz.com.hr\/webshop\/wp-json\/wp\/v2\/product_tag?post=545"}],"curies":[{"name":"wp","href":"https:\/\/api.w.org\/{rel}","templated":true}]}}