{"id":530,"date":"2023-02-20T12:22:21","date_gmt":"2023-02-20T11:22:21","guid":{"rendered":"https:\/\/stz.com.hr\/webshop\/?post_type=product&#038;p=530"},"modified":"2023-10-25T11:34:06","modified_gmt":"2023-10-25T09:34:06","slug":"ajax-doorprotect-wh","status":"publish","type":"product","link":"https:\/\/stz.com.hr\/webshop\/proizvod\/ajax-doorprotect-wh\/","title":{"rendered":"AJAX DoorProtect WH"},"content":{"rendered":"<p>Tehnologija: Be\u017ei\u010dna<\/p>\n<p>Be\u017ei\u010dna frekvencija: 868Mhz<\/p>\n<p>Be\u017ei\u010dna komunikacija: Dvosmjerna<\/p>\n<p>Stupanj sigurnosti: Grade 2<\/p>\n<p>Napajanje: Baterijsko, 1 x 3V, tipCR123A<\/p>\n<p>Ugradnja: Unutarnja\/nadgradni<\/p>\n<p>Detekcija: Otvaranje &#8211; zatvaranje<\/p>\n<p>Domet detekcije: 20mm<\/p>\n<p>Metoda detekcije: 1 x REED \/ 1 x AUX<\/p>\n<p>Alarmni ulaz: NC<\/p>\n<p>Dimenzije: O20 x 90 mm<\/p>\n","protected":false},"excerpt":{"rendered":"<p>Be\u017ei\u010dni magnet sa priklju\u010dnicom za dodatni kontakt<\/p>\n","protected":false},"featured_media":548,"template":"","meta":[],"product_cat":[23,30],"product_tag":[],"class_list":["post-530","product","type-product","status-publish","has-post-thumbnail","hentry","product_cat-protuprovala","product_cat-magnetni-kontakti"],"_links":{"self":[{"href":"https:\/\/stz.com.hr\/webshop\/wp-json\/wp\/v2\/product\/530","targetHints":{"allow":["GET"]}}],"collection":[{"href":"https:\/\/stz.com.hr\/webshop\/wp-json\/wp\/v2\/product"}],"about":[{"href":"https:\/\/stz.com.hr\/webshop\/wp-json\/wp\/v2\/types\/product"}],"wp:featuredmedia":[{"embeddable":true,"href":"https:\/\/stz.com.hr\/webshop\/wp-json\/wp\/v2\/media\/548"}],"wp:attachment":[{"href":"https:\/\/stz.com.hr\/webshop\/wp-json\/wp\/v2\/media?parent=530"}],"wp:term":[{"taxonomy":"product_cat","embeddable":true,"href":"https:\/\/stz.com.hr\/webshop\/wp-json\/wp\/v2\/product_cat?post=530"},{"taxonomy":"product_tag","embeddable":true,"href":"https:\/\/stz.com.hr\/webshop\/wp-json\/wp\/v2\/product_tag?post=530"}],"curies":[{"name":"wp","href":"https:\/\/api.w.org\/{rel}","templated":true}]}}